{"id":1398,"date":"2024-04-22T12:23:45","date_gmt":"2024-04-22T10:23:45","guid":{"rendered":"https:\/\/cortijolavinuela.com\/?page_id=1398"},"modified":"2025-03-16T18:43:14","modified_gmt":"2025-03-16T17:43:14","slug":"retiros","status":"publish","type":"page","link":"https:\/\/cortijolavinuela.com\/en\/retiros\/","title":{"rendered":"Retreats"},"content":{"rendered":"<div data-elementor-type=\"wp-page\" data-elementor-id=\"1398\" class=\"elementor elementor-1398\" data-elementor-post-type=\"page\">\n\t\t\t\t<div class=\"elementor-element elementor-element-9d74362 e-con-full e-flex e-con e-parent\" data-id=\"9d74362\" data-element_type=\"container\" data-e-type=\"container\" data-settings=\"{&quot;background_background&quot;:&quot;classic&quot;}\">\n\t\t\t\t<\/div>\n\t\t<div class=\"elementor-element elementor-element-0de772e e-flex e-con-boxed e-con e-parent\" data-id=\"0de772e\" data-element_type=\"container\" data-e-type=\"container\" data-settings=\"{&quot;background_background&quot;:&quot;classic&quot;}\">\n\t\t\t\t\t<div class=\"e-con-inner\">\n\t\t\t\t<div class=\"elementor-element elementor-element-076f7c2 elementor-widget elementor-widget-spacer\" data-id=\"076f7c2\" data-element_type=\"widget\" data-e-type=\"widget\" data-widget_type=\"spacer.default\">\n\t\t\t\t<div class=\"elementor-widget-container\">\n\t\t\t\t\t\t\t<div class=\"elementor-spacer\">\n\t\t\t<div class=\"elementor-spacer-inner\"><\/div>\n\t\t<\/div>\n\t\t\t\t\t\t<\/div>\n\t\t\t\t<\/div>\n\t\t\t\t<div class=\"elementor-element elementor-element-c5a59bf elementor-widget elementor-widget-heading\" data-id=\"c5a59bf\" data-element_type=\"widget\" data-e-type=\"widget\" data-widget_type=\"heading.default\">\n\t\t\t\t<div class=\"elementor-widget-container\">\n\t\t\t\t\t<h2 class=\"elementor-heading-title elementor-size-default\">Retreats<\/h2>\t\t\t\t<\/div>\n\t\t\t\t<\/div>\n\t\t<div class=\"elementor-element elementor-element-3bcb3bd e-con-full e-flex e-con e-child\" data-id=\"3bcb3bd\" data-element_type=\"container\" data-e-type=\"container\">\n\t\t\t\t<div class=\"elementor-element elementor-element-92ae7d5 elementor-widget elementor-widget-text-editor\" data-id=\"92ae7d5\" data-element_type=\"widget\" data-e-type=\"widget\" data-widget_type=\"text-editor.default\">\n\t\t\t\t<div class=\"elementor-widget-container\">\n\t\t\t\t\t\t\t\t\t<p>Centro de retiro &#8211; Espacio de tranquilidad en contacto con la naturaleza para el encuentro con un@ mism@<\/p>\t\t\t\t\t\t\t\t<\/div>\n\t\t\t\t<\/div>\n\t\t\t\t<\/div>\n\t\t\t\t<div class=\"elementor-element elementor-element-ac6582b elementor-widget elementor-widget-text-editor\" data-id=\"ac6582b\" data-element_type=\"widget\" data-e-type=\"widget\" data-widget_type=\"text-editor.default\">\n\t\t\t\t<div class=\"elementor-widget-container\">\n\t\t\t\t\t\t\t\t\t<p>Organiza tu retiro de Yoga o Meditaci\u00f3n en La Vi\u00f1uela, un espacio recogido y perfecto para cultivar el equilibrio y reconectarse con la naturaleza, nuestro cuerpo, mente y esp\u00edritu.<\/p>\t\t\t\t\t\t\t\t<\/div>\n\t\t\t\t<\/div>\n\t\t\t\t\t<\/div>\n\t\t\t\t<\/div>\n\t\t<div class=\"elementor-element elementor-element-55cb99b e-flex e-con-boxed e-con e-parent\" data-id=\"55cb99b\" data-element_type=\"container\" data-e-type=\"container\" data-settings=\"{&quot;background_background&quot;:&quot;classic&quot;}\">\n\t\t\t\t\t<div class=\"e-con-inner\">\n\t\t<div class=\"elementor-element elementor-element-f04ced6 e-con-full e-flex e-con e-child\" data-id=\"f04ced6\" data-element_type=\"container\" data-e-type=\"container\">\n\t\t\t\t<div class=\"elementor-element elementor-element-4bce8ed elementor-widget elementor-widget-spacer\" data-id=\"4bce8ed\" data-element_type=\"widget\" data-e-type=\"widget\" data-widget_type=\"spacer.default\">\n\t\t\t\t<div class=\"elementor-widget-container\">\n\t\t\t\t\t\t\t<div class=\"elementor-spacer\">\n\t\t\t<div class=\"elementor-spacer-inner\"><\/div>\n\t\t<\/div>\n\t\t\t\t\t\t<\/div>\n\t\t\t\t<\/div>\n\t\t\t\t<div class=\"elementor-element elementor-element-85514ff elementor-widget elementor-widget-image\" data-id=\"85514ff\" data-element_type=\"widget\" data-e-type=\"widget\" data-widget_type=\"image.default\">\n\t\t\t\t<div class=\"elementor-widget-container\">\n\t\t\t\t\t\t\t\t\t\t\t\t\t\t\t<img decoding=\"async\" src=\"https:\/\/cortijolavinuela.com\/wp-content\/uploads\/elementor\/thumbs\/eneko-urunuela-I2YSmEUAgDY-unsplash-scaled-qn2xnkmllaztlo90o6o9dfklbg2bg1t7z7d74wvp5c.jpg\" title=\"eneko-urunuela-I2YSmEUAgDY-unsplash\" alt=\"eneko-urunuela-I2YSmEUAgDY-unsplash\" loading=\"lazy\" \/>\t\t\t\t\t\t\t\t\t\t\t\t\t\t\t<\/div>\n\t\t\t\t<\/div>\n\t\t\t\t<\/div>\n\t\t<div class=\"elementor-element elementor-element-3df6cd3 e-con-full e-flex e-con e-child\" data-id=\"3df6cd3\" data-element_type=\"container\" data-e-type=\"container\">\n\t\t\t\t<div class=\"elementor-element elementor-element-8e77b94 elementor-widget elementor-widget-spacer\" data-id=\"8e77b94\" data-element_type=\"widget\" data-e-type=\"widget\" data-widget_type=\"spacer.default\">\n\t\t\t\t<div class=\"elementor-widget-container\">\n\t\t\t\t\t\t\t<div class=\"elementor-spacer\">\n\t\t\t<div class=\"elementor-spacer-inner\"><\/div>\n\t\t<\/div>\n\t\t\t\t\t\t<\/div>\n\t\t\t\t<\/div>\n\t\t\t\t<div class=\"elementor-element elementor-element-b4281c2 elementor-widget elementor-widget-image\" data-id=\"b4281c2\" data-element_type=\"widget\" data-e-type=\"widget\" data-widget_type=\"image.default\">\n\t\t\t\t<div class=\"elementor-widget-container\">\n\t\t\t\t\t\t\t\t\t\t\t\t\t\t\t<img decoding=\"async\" src=\"https:\/\/cortijolavinuela.com\/wp-content\/uploads\/elementor\/thumbs\/wesley-tingey-57wo9F-r2-A-unsplash-scaled-qn2xorv6bon0fqi7npd3k4nsn657a4kvh5dj7n3l74.jpg\" title=\"wesley-tingey-57wo9F-r2-A-unsplash\" alt=\"wesley-tingey-57wo9F-r2-A-unsplash\" loading=\"lazy\" \/>\t\t\t\t\t\t\t\t\t\t\t\t\t\t\t<\/div>\n\t\t\t\t<\/div>\n\t\t\t\t<div class=\"elementor-element elementor-element-c3c1358 elementor-widget elementor-widget-spacer\" data-id=\"c3c1358\" data-element_type=\"widget\" data-e-type=\"widget\" data-widget_type=\"spacer.default\">\n\t\t\t\t<div class=\"elementor-widget-container\">\n\t\t\t\t\t\t\t<div class=\"elementor-spacer\">\n\t\t\t<div class=\"elementor-spacer-inner\"><\/div>\n\t\t<\/div>\n\t\t\t\t\t\t<\/div>\n\t\t\t\t<\/div>\n\t\t\t\t<\/div>\n\t\t\t\t\t<\/div>\n\t\t\t\t<\/div>\n\t\t<div class=\"elementor-element elementor-element-0ebb7e0 e-flex e-con-boxed e-con e-parent\" data-id=\"0ebb7e0\" data-element_type=\"container\" data-e-type=\"container\" data-settings=\"{&quot;background_background&quot;:&quot;classic&quot;}\">\n\t\t\t\t\t<div class=\"e-con-inner\">\n\t\t\t\t<div class=\"elementor-element elementor-element-b107362 elementor-widget-divider--view-line elementor-widget elementor-widget-divider\" data-id=\"b107362\" data-element_type=\"widget\" data-e-type=\"widget\" data-widget_type=\"divider.default\">\n\t\t\t\t<div class=\"elementor-widget-container\">\n\t\t\t\t\t\t\t<div class=\"elementor-divider\">\n\t\t\t<span class=\"elementor-divider-separator\">\n\t\t\t\t\t\t<\/span>\n\t\t<\/div>\n\t\t\t\t\t\t<\/div>\n\t\t\t\t<\/div>\n\t\t\t\t<div class=\"elementor-element elementor-element-45483ff elementor-widget elementor-widget-heading\" data-id=\"45483ff\" data-element_type=\"widget\" data-e-type=\"widget\" data-widget_type=\"heading.default\">\n\t\t\t\t<div class=\"elementor-widget-container\">\n\t\t\t\t\t<h2 class=\"elementor-heading-title elementor-size-default\">Sobre m\u00ed<\/h2>\t\t\t\t<\/div>\n\t\t\t\t<\/div>\n\t\t\t\t\t<\/div>\n\t\t\t\t<\/div>\n\t\t<div class=\"elementor-element elementor-element-4b0d289 e-flex e-con-boxed e-con e-parent\" data-id=\"4b0d289\" data-element_type=\"container\" data-e-type=\"container\" data-settings=\"{&quot;background_background&quot;:&quot;classic&quot;}\">\n\t\t\t\t\t<div class=\"e-con-inner\">\n\t\t<div class=\"elementor-element elementor-element-859e8e5 e-con-full e-flex e-con e-child\" data-id=\"859e8e5\" data-element_type=\"container\" data-e-type=\"container\">\n\t\t\t\t<div class=\"elementor-element elementor-element-5565298 elementor-widget__width-initial elementor-widget elementor-widget-text-editor\" data-id=\"5565298\" data-element_type=\"widget\" data-e-type=\"widget\" data-widget_type=\"text-editor.default\">\n\t\t\t\t<div class=\"elementor-widget-container\">\n\t\t\t\t\t\t\t\t\t<p>Hola, soy Esther<\/p><p>Llevo m\u00e1s de 10 a\u00f1os gestionando y cuidando Cortijo La Vi\u00f1uela, recibiendo<br \/>hu\u00e9spedes y escuchando lo maravilloso que es este lugar, el peque\u00f1o para\u00edso<br \/>que es, la energ\u00eda especial que tiene y viendo la diferencia en sus caras al<br \/>llegar y su mejor\u00eda al marchar. Venir a un lugar donde encontrar paz, poder<br \/>descansar y conectar con la naturaleza, es m\u00e1s que necesario, es realmente<br \/>imprescindible, me considero privilegiada de vivir aqu\u00ed.<br \/>Amo la profundidad-del ser, tengo facilidad para escuchar, ver m\u00e1s all\u00e1 en las<br \/>personas y una tendencia innata a querer ayudar en temas emocionales, lo que me ha llevado desde el a\u00f1o 2006 a ir form\u00e1ndome como terapeuta<br \/>multidisciplinar sin haberlo dejado a d\u00eda de hoy, ya que conocerme, es mi<br \/>camino de vida y ponerlo al servicio de las dem\u00e1s personas, mi prop\u00f3sito. Si<br \/>quieres saber m\u00e1s puedes visitar\u00a0<a href=\"https:\/\/yogaprana.es\/\" target=\"_blank\" rel=\"noopener\">Yoga Prana.<\/a><br \/>Ahora, te invito a visitar este lugar dise\u00f1ando tu propio retiro personalizado. En<br \/>un espacio seguro, puedes venir a descansar en soledad y silencio o bien me<br \/>ofrezco a acompa\u00f1arte en un viaje de introspecci\u00f3n donde puedas expresarte a trav\u00e9s de diferentes disciplinas, sentirte escuchado\/a, cuidarte, relajarte\u2026<br \/>Como digo en mis meditaciones: \u201cdesconecta del exterior y conecta con tu<br \/>interior\u201d\u00a0<\/p>\t\t\t\t\t\t\t\t<\/div>\n\t\t\t\t<\/div>\n\t\t\t\t<\/div>\n\t\t<div class=\"elementor-element elementor-element-68f2274 e-con-full e-flex e-con e-child\" data-id=\"68f2274\" data-element_type=\"container\" data-e-type=\"container\">\n\t\t\t\t<div class=\"elementor-element elementor-element-09c44b6 elementor-widget elementor-widget-image\" data-id=\"09c44b6\" data-element_type=\"widget\" data-e-type=\"widget\" data-widget_type=\"image.default\">\n\t\t\t\t<div class=\"elementor-widget-container\">\n\t\t\t\t\t\t\t\t\t\t\t\t\t\t\t<img fetchpriority=\"high\" decoding=\"async\" width=\"1024\" height=\"683\" src=\"https:\/\/cortijolavinuela.com\/wp-content\/uploads\/2025\/03\/DSC_7047-color-1024x683.jpg\" class=\"attachment-large size-large wp-image-1849\" alt=\"\" srcset=\"https:\/\/cortijolavinuela.com\/wp-content\/uploads\/2025\/03\/DSC_7047-color-1024x683.jpg 1024w, https:\/\/cortijolavinuela.com\/wp-content\/uploads\/2025\/03\/DSC_7047-color-300x200.jpg 300w, https:\/\/cortijolavinuela.com\/wp-content\/uploads\/2025\/03\/DSC_7047-color-768x512.jpg 768w, https:\/\/cortijolavinuela.com\/wp-content\/uploads\/2025\/03\/DSC_7047-color-1536x1024.jpg 1536w, https:\/\/cortijolavinuela.com\/wp-content\/uploads\/2025\/03\/DSC_7047-color-2048x1366.jpg 2048w, https:\/\/cortijolavinuela.com\/wp-content\/uploads\/2025\/03\/DSC_7047-color-18x12.jpg 18w\" sizes=\"(max-width: 1024px) 100vw, 1024px\" \/>\t\t\t\t\t\t\t\t\t\t\t\t\t\t\t<\/div>\n\t\t\t\t<\/div>\n\t\t\t\t<div class=\"elementor-element elementor-element-040795f elementor-widget elementor-widget-spacer\" data-id=\"040795f\" data-element_type=\"widget\" data-e-type=\"widget\" data-widget_type=\"spacer.default\">\n\t\t\t\t<div class=\"elementor-widget-container\">\n\t\t\t\t\t\t\t<div class=\"elementor-spacer\">\n\t\t\t<div class=\"elementor-spacer-inner\"><\/div>\n\t\t<\/div>\n\t\t\t\t\t\t<\/div>\n\t\t\t\t<\/div>\n\t\t\t\t<div class=\"elementor-element elementor-element-6181228 elementor-widget elementor-widget-text-editor\" data-id=\"6181228\" data-element_type=\"widget\" data-e-type=\"widget\" data-widget_type=\"text-editor.default\">\n\t\t\t\t<div class=\"elementor-widget-container\">\n\t\t\t\t\t\t\t\t\t<p style=\"text-align: center;\"><em>Estar\u00e9 encantada de compartir contigo una parte de \u201ctu camino de vida\u201d<\/em><\/p>\t\t\t\t\t\t\t\t<\/div>\n\t\t\t\t<\/div>\n\t\t\t\t<\/div>\n\t\t\t\t\t<\/div>\n\t\t\t\t<\/div>\n\t\t<div class=\"elementor-element elementor-element-cda6ce1 e-flex e-con-boxed e-con e-parent\" data-id=\"cda6ce1\" data-element_type=\"container\" data-e-type=\"container\" data-settings=\"{&quot;background_background&quot;:&quot;classic&quot;}\">\n\t\t\t\t\t<div class=\"e-con-inner\">\n\t\t\t\t<div class=\"elementor-element elementor-element-a7f774a elementor-widget elementor-widget-spacer\" data-id=\"a7f774a\" data-element_type=\"widget\" data-e-type=\"widget\" data-widget_type=\"spacer.default\">\n\t\t\t\t<div class=\"elementor-widget-container\">\n\t\t\t\t\t\t\t<div class=\"elementor-spacer\">\n\t\t\t<div class=\"elementor-spacer-inner\"><\/div>\n\t\t<\/div>\n\t\t\t\t\t\t<\/div>\n\t\t\t\t<\/div>\n\t\t\t\t<div class=\"elementor-element elementor-element-6ced154 elementor-widget elementor-widget-heading\" data-id=\"6ced154\" data-element_type=\"widget\" data-e-type=\"widget\" data-widget_type=\"heading.default\">\n\t\t\t\t<div class=\"elementor-widget-container\">\n\t\t\t\t\t<h2 class=\"elementor-heading-title elementor-size-default\">Design your Individual Retreat<\/h2>\t\t\t\t<\/div>\n\t\t\t\t<\/div>\n\t\t\t\t<div class=\"elementor-element elementor-element-08eadac elementor-widget elementor-widget-spacer\" data-id=\"08eadac\" data-element_type=\"widget\" data-e-type=\"widget\" data-widget_type=\"spacer.default\">\n\t\t\t\t<div class=\"elementor-widget-container\">\n\t\t\t\t\t\t\t<div class=\"elementor-spacer\">\n\t\t\t<div class=\"elementor-spacer-inner\"><\/div>\n\t\t<\/div>\n\t\t\t\t\t\t<\/div>\n\t\t\t\t<\/div>\n\t\t\t\t<div class=\"elementor-element elementor-element-0428399 elementor-widget elementor-widget-text-editor\" data-id=\"0428399\" data-element_type=\"widget\" data-e-type=\"widget\" data-widget_type=\"text-editor.default\">\n\t\t\t\t<div class=\"elementor-widget-container\">\n\t\t\t\t\t\t\t\t\t<p style=\"text-align: center;\">I suggest you design your own retreat. If you want to disconnect for a few days, don't wait for anyone.<b> \u00abel mejor retiro es contigo\u00bb<\/b>!<\/p>\n<p>Pack your things, some healthy food, and come along<\/p>\n<p>WE CAN PROVIDE SESSIONS OF:<\/p>\n<p>Yoga<\/p>\n<p>Meditation<\/p>\n<p><a href=\"https:\/\/yogaprana.es\" target=\"_blank\" rel=\"noopener\" style=\"font-style: inherit; font-weight: inherit;\">YogaPrana<\/a><br><\/p>\n<p>Massage (osteopath, shiatsu, relaxing with oils, etc.)<\/p>\n<p>_________________________________________________________________________________________________________________________<\/p>\n<p>You can also ask us about guides in the area.<\/p>\n<p>Hikes&nbsp;<\/p>\n<p>Horseback riding routes<\/p>\n<p>Restaurants<\/p>\n<p>WHAT YOU NEED TO DO \"FOR YOU\"<\/p>\n<p>Book one of our cottages&nbsp;<\/p>\n<p>Mark some free days on your calendar to dedicate them \"to you\"<\/p>\n<p>Pack your suitcase with your favorite things, those that are for taking care of yourself, comfortable clothes, walking shoes, a water bottle, etc.<\/p>\n<p>You'll have to take care of your diet, try to make it as healthy as possible during your retreat (an ideal detox diet).<\/p>\n<p>Bring yourself to Cortijo la Vi\u00f1uela!<\/p>\n<p>Choose the activities that you most feel like doing to give yourself what I call \"a complete experience\" (I believe you know perfectly well what that means). If not, ask me and I'll help you design your individual retreat: walking, some yoga, self-care...&nbsp;&nbsp;<\/p>\t\t\t\t\t\t\t\t<\/div>\n\t\t\t\t<\/div>\n\t\t\t\t\t<\/div>\n\t\t\t\t<\/div>\n\t\t<div class=\"elementor-element elementor-element-1fd77f5 e-flex e-con-boxed e-con e-parent\" data-id=\"1fd77f5\" data-element_type=\"container\" data-e-type=\"container\" data-settings=\"{&quot;background_background&quot;:&quot;classic&quot;}\">\n\t\t\t\t\t<div class=\"e-con-inner\">\n\t\t\t\t<div class=\"elementor-element elementor-element-ee57c3e elementor-widget-divider--view-line elementor-widget elementor-widget-divider\" data-id=\"ee57c3e\" data-element_type=\"widget\" data-e-type=\"widget\" data-widget_type=\"divider.default\">\n\t\t\t\t<div class=\"elementor-widget-container\">\n\t\t\t\t\t\t\t<div class=\"elementor-divider\">\n\t\t\t<span class=\"elementor-divider-separator\">\n\t\t\t\t\t\t<\/span>\n\t\t<\/div>\n\t\t\t\t\t\t<\/div>\n\t\t\t\t<\/div>\n\t\t\t\t<div class=\"elementor-element elementor-element-83df207 elementor-widget elementor-widget-heading\" data-id=\"83df207\" data-element_type=\"widget\" data-e-type=\"widget\" data-widget_type=\"heading.default\">\n\t\t\t\t<div class=\"elementor-widget-container\">\n\t\t\t\t\t<h2 class=\"elementor-heading-title elementor-size-default\">Design Your Group Retreat<\/h2>\t\t\t\t<\/div>\n\t\t\t\t<\/div>\n\t\t\t\t\t<\/div>\n\t\t\t\t<\/div>\n\t\t\t\t<\/div>","protected":false},"excerpt":{"rendered":"<p>Retiros Centro de retiro &#8211; Espacio de tranquilidad en contacto con la naturaleza para el encuentro con un@ mism@ Organiza [&hellip;]<\/p>","protected":false},"author":1,"featured_media":0,"parent":0,"menu_order":0,"comment_status":"closed","ping_status":"closed","template":"","meta":{"site-sidebar-layout":"no-sidebar","site-content-layout":"","ast-site-content-layout":"full-width-container","site-content-style":"default","site-sidebar-style":"default","ast-global-header-display":"","ast-banner-title-visibility":"","ast-main-header-display":"","ast-hfb-above-header-display":"","ast-hfb-below-header-display":"","ast-hfb-mobile-header-display":"","site-post-title":"disabled","ast-breadcrumbs-content":"","ast-featured-img":"disabled","footer-sml-layout":"","ast-disable-related-posts":"","theme-transparent-header-meta":"","adv-header-id-meta":"","stick-header-meta":"","header-above-stick-meta":"","header-main-stick-meta":"","header-below-stick-meta":"","astra-migrate-meta-layouts":"default","ast-page-background-enabled":"default","ast-page-background-meta":{"desktop":{"background-color":"var(--ast-global-color-4)","background-image":"","background-repeat":"repeat","background-position":"center center","background-size":"auto","background-attachment":"scroll","background-type":"","background-media":"","overlay-type":"","overlay-color":"","overlay-opacity":"","overlay-gradient":""},"tablet":{"background-color":"","background-image":"","background-repeat":"repeat","background-position":"center center","background-size":"auto","background-attachment":"scroll","background-type":"","background-media":"","overlay-type":"","overlay-color":"","overlay-opacity":"","overlay-gradient":""},"mobile":{"background-color":"","background-image":"","background-repeat":"repeat","background-position":"center center","background-size":"auto","background-attachment":"scroll","background-type":"","background-media":"","overlay-type":"","overlay-color":"","overlay-opacity":"","overlay-gradient":""}},"ast-content-background-meta":{"desktop":{"background-color":"var(--ast-global-color-5)","background-image":"","background-repeat":"repeat","background-position":"center center","background-size":"auto","background-attachment":"scroll","background-type":"","background-media":"","overlay-type":"","overlay-color":"","overlay-opacity":"","overlay-gradient":""},"tablet":{"background-color":"var(--ast-global-color-5)","background-image":"","background-repeat":"repeat","background-position":"center center","background-size":"auto","background-attachment":"scroll","background-type":"","background-media":"","overlay-type":"","overlay-color":"","overlay-opacity":"","overlay-gradient":""},"mobile":{"background-color":"var(--ast-global-color-5)","background-image":"","background-repeat":"repeat","background-position":"center center","background-size":"auto","background-attachment":"scroll","background-type":"","background-media":"","overlay-type":"","overlay-color":"","overlay-opacity":"","overlay-gradient":""}},"footnotes":""},"class_list":["post-1398","page","type-page","status-publish","hentry"],"_links":{"self":[{"href":"https:\/\/cortijolavinuela.com\/en\/wp-json\/wp\/v2\/pages\/1398","targetHints":{"allow":["GET"]}}],"collection":[{"href":"https:\/\/cortijolavinuela.com\/en\/wp-json\/wp\/v2\/pages"}],"about":[{"href":"https:\/\/cortijolavinuela.com\/en\/wp-json\/wp\/v2\/types\/page"}],"author":[{"embeddable":true,"href":"https:\/\/cortijolavinuela.com\/en\/wp-json\/wp\/v2\/users\/1"}],"replies":[{"embeddable":true,"href":"https:\/\/cortijolavinuela.com\/en\/wp-json\/wp\/v2\/comments?post=1398"}],"version-history":[{"count":127,"href":"https:\/\/cortijolavinuela.com\/en\/wp-json\/wp\/v2\/pages\/1398\/revisions"}],"predecessor-version":[{"id":1870,"href":"https:\/\/cortijolavinuela.com\/en\/wp-json\/wp\/v2\/pages\/1398\/revisions\/1870"}],"wp:attachment":[{"href":"https:\/\/cortijolavinuela.com\/en\/wp-json\/wp\/v2\/media?parent=1398"}],"curies":[{"name":"wp","href":"https:\/\/api.w.org\/{rel}","templated":true}]}}