{"id":64,"date":"2024-04-09T11:36:51","date_gmt":"2024-04-09T11:36:51","guid":{"rendered":"https:\/\/cortijolavinuela.com\/?page_id=64"},"modified":"2025-10-13T08:08:32","modified_gmt":"2025-10-13T06:08:32","slug":"precios-reservas","status":"publish","type":"page","link":"https:\/\/cortijolavinuela.com\/en\/precios-reservas\/","title":{"rendered":"Price and Bookings"},"content":{"rendered":"<div data-elementor-type=\"wp-page\" data-elementor-id=\"64\" class=\"elementor elementor-64\" data-elementor-post-type=\"page\">\n\t\t\t\t<div class=\"elementor-element elementor-element-a598018 e-con-full e-flex e-con e-parent\" data-id=\"a598018\" data-element_type=\"container\" data-e-type=\"container\" data-settings=\"{&quot;background_background&quot;:&quot;classic&quot;}\">\n\t\t\t\t<\/div>\n\t\t<div class=\"elementor-element elementor-element-52225fe e-flex e-con-boxed e-con e-parent\" data-id=\"52225fe\" data-element_type=\"container\" data-e-type=\"container\" data-settings=\"{&quot;background_background&quot;:&quot;classic&quot;}\">\n\t\t\t\t\t<div class=\"e-con-inner\">\n\t\t<div class=\"elementor-element elementor-element-7dd0f05 e-con-full e-flex e-con e-child\" data-id=\"7dd0f05\" data-element_type=\"container\" data-e-type=\"container\">\n\t\t\t\t<div class=\"elementor-element elementor-element-1b0e0cc elementor-widget elementor-widget-spacer\" data-id=\"1b0e0cc\" data-element_type=\"widget\" data-e-type=\"widget\" data-widget_type=\"spacer.default\">\n\t\t\t\t<div class=\"elementor-widget-container\">\n\t\t\t\t\t\t\t<div class=\"elementor-spacer\">\n\t\t\t<div class=\"elementor-spacer-inner\"><\/div>\n\t\t<\/div>\n\t\t\t\t\t\t<\/div>\n\t\t\t\t<\/div>\n\t\t\t\t<div class=\"elementor-element elementor-element-27c0970 elementor-widget elementor-widget-heading\" data-id=\"27c0970\" data-element_type=\"widget\" data-e-type=\"widget\" data-widget_type=\"heading.default\">\n\t\t\t\t<div class=\"elementor-widget-container\">\n\t\t\t\t\t<h2 class=\"elementor-heading-title elementor-size-default\">Price and Bookings<\/h2>\t\t\t\t<\/div>\n\t\t\t\t<\/div>\n\t\t\t\t<div class=\"elementor-element elementor-element-b7c24a0 elementor-widget elementor-widget-spacer\" data-id=\"b7c24a0\" data-element_type=\"widget\" data-e-type=\"widget\" data-widget_type=\"spacer.default\">\n\t\t\t\t<div class=\"elementor-widget-container\">\n\t\t\t\t\t\t\t<div class=\"elementor-spacer\">\n\t\t\t<div class=\"elementor-spacer-inner\"><\/div>\n\t\t<\/div>\n\t\t\t\t\t\t<\/div>\n\t\t\t\t<\/div>\n\t\t\t\t<div class=\"elementor-element elementor-element-e6d5b86 elementor-widget elementor-widget-text-editor\" data-id=\"e6d5b86\" data-element_type=\"widget\" data-e-type=\"widget\" data-widget_type=\"text-editor.default\">\n\t\t\t\t<div class=\"elementor-widget-container\">\n\t\t\t\t\t\t\t\t\t<p>Para consultar la disponibilidad de las casas o cualquier otra informaci\u00f3n adicional puedes contactar por tel\u00e9fono o por email:<\/p>\n<p><b>phone number<\/b>: (+34) 615 757 736 (m\u00f3vil)<br><b>email<\/b>: cortijolavinuela@gmail.com<\/p>\t\t\t\t\t\t\t\t<\/div>\n\t\t\t\t<\/div>\n\t\t\t\t<div class=\"elementor-element elementor-element-1dd8844 elementor-widget elementor-widget-spacer\" data-id=\"1dd8844\" data-element_type=\"widget\" data-e-type=\"widget\" data-widget_type=\"spacer.default\">\n\t\t\t\t<div class=\"elementor-widget-container\">\n\t\t\t\t\t\t\t<div class=\"elementor-spacer\">\n\t\t\t<div class=\"elementor-spacer-inner\"><\/div>\n\t\t<\/div>\n\t\t\t\t\t\t<\/div>\n\t\t\t\t<\/div>\n\t\t\t\t<div class=\"elementor-element elementor-element-da2d13a elementor-widget elementor-widget-heading\" data-id=\"da2d13a\" data-element_type=\"widget\" data-e-type=\"widget\" data-widget_type=\"heading.default\">\n\t\t\t\t<div class=\"elementor-widget-container\">\n\t\t\t\t\t<h2 class=\"elementor-heading-title elementor-size-default\">Precios 2025<\/h2>\t\t\t\t<\/div>\n\t\t\t\t<\/div>\n\t\t\t\t<div class=\"elementor-element elementor-element-2362751 elementor-widget elementor-widget-text-editor\" data-id=\"2362751\" data-element_type=\"widget\" data-e-type=\"widget\" data-widget_type=\"text-editor.default\">\n\t\t\t\t<div class=\"elementor-widget-container\">\n\t\t\t\t\t\t\t\t\t<h2>&nbsp;<\/h2>\n<table>\n<tbody>\n<tr>\n<th>&nbsp;<\/th>\n<th>Night<\/th>\n<th>Week<\/th>\n<\/tr>\n<tr>\n<td>\n<p>Estudio - 1 guest<\/p>\n<p>Estudio - 2 guest<\/p>\n<\/td>\n<td>\n<p>80\u20ac<\/p>\n<p>90\u20ac<\/p>\n<\/td>\n<td>\n<p>530\u20ac<\/p>\n<p>600\u20ac<\/p>\n<\/td>\n<\/tr>\n<tr>\n<td>Casita \/ Cuadra<br>2 guests<\/td>\n<td>105\u20ac<\/td>\n<td>700\u20ac<\/td>\n<\/tr>\n<tr>\n<td>Casita<br>3 guests<\/td>\n<td>125\u20ac<\/td>\n<td>850\u20ac<\/td>\n<\/tr>\n<tr>\n<td>Casita<br>4 guests<\/td>\n<td>145\u20ac<\/td>\n<td>1000\u20ac<\/td>\n<\/tr>\n<tr>\n<td>Casa de la Roca<br>2 guests<\/td>\n<td>125\u20ac<\/td>\n<td>850\u20ac<\/td>\n<\/tr>\n<tr>\n<td>Casa de la Roca<br>3 guests<\/td>\n<td>145\u20ac<\/td>\n<td>980\u20ac<\/td>\n<\/tr>\n<tr>\n<td>Casa de la Roca<br>4 guests<\/td>\n<td>165\u20ac<\/td>\n<td>1100\u20ac<\/td>\n<\/tr>\n<tr>\n<td>Casa de la Roca<br>5 guests<\/td>\n<td>185\u20ac<\/td>\n<td>1250\u20ac<\/td>\n<\/tr>\n<tr>\n<td>Casa de la Roca<br>6 guests<\/td>\n<td>205\u20ac<\/td>\n<td>1400\u20ac<\/td>\n<\/tr>\n<tr>\n<td>&nbsp;<\/td>\n<td>&nbsp;<\/td>\n<td>&nbsp;<\/td>\n<\/tr>\n<tr>\n<td colspan=\"3\">\n<p>Minimum stay: 2 Nights, except on long weekends and holidays which will be 3 or 4 nights depending on the calendar. From the third week of July to the third week of August (both included) the minimum stay is 3 to 7 nights depending on the house to rent (make your inquiry). Prices increase 10% for New Year's Eve and New Year's Eve.<\/p>\n<\/td>\n<\/tr>\n<\/tbody>\n<\/table>\t\t\t\t\t\t\t\t<\/div>\n\t\t\t\t<\/div>\n\t\t\t\t<\/div>\n\t\t\t\t\t<\/div>\n\t\t\t\t<\/div>\n\t\t<div class=\"elementor-element elementor-element-8cfdf25 e-flex e-con-boxed e-con e-parent\" data-id=\"8cfdf25\" data-element_type=\"container\" data-e-type=\"container\" data-settings=\"{&quot;background_background&quot;:&quot;classic&quot;}\">\n\t\t\t\t\t<div class=\"e-con-inner\">\n\t\t<div class=\"elementor-element elementor-element-45910ac e-con-full e-flex e-con e-child\" data-id=\"45910ac\" data-element_type=\"container\" data-e-type=\"container\">\n\t\t\t\t<div class=\"elementor-element elementor-element-ed63c07 elementor-widget elementor-widget-spacer\" data-id=\"ed63c07\" data-element_type=\"widget\" data-e-type=\"widget\" data-widget_type=\"spacer.default\">\n\t\t\t\t<div class=\"elementor-widget-container\">\n\t\t\t\t\t\t\t<div class=\"elementor-spacer\">\n\t\t\t<div class=\"elementor-spacer-inner\"><\/div>\n\t\t<\/div>\n\t\t\t\t\t\t<\/div>\n\t\t\t\t<\/div>\n\t\t\t\t<div class=\"elementor-element elementor-element-a288348 elementor-widget elementor-widget-image\" data-id=\"a288348\" data-element_type=\"widget\" data-e-type=\"widget\" data-widget_type=\"image.default\">\n\t\t\t\t<div class=\"elementor-widget-container\">\n\t\t\t\t\t\t\t\t\t\t\t\t\t\t\t<img decoding=\"async\" src=\"https:\/\/cortijolavinuela.com\/wp-content\/uploads\/elementor\/thumbs\/WhatsApp-Image-2024-04-09-at-18.12.49-1-qmigph8d0hanlgoxsemdo7jfyfit1r6cffglyxbdao.jpeg\" title=\"WhatsApp Image 2024-04-09 at 18.12.49 (1)\" alt=\"WhatsApp Image 2024-04-09 at 18.12.49 (1)\" loading=\"lazy\" \/>\t\t\t\t\t\t\t\t\t\t\t\t\t\t\t<\/div>\n\t\t\t\t<\/div>\n\t\t\t\t<\/div>\n\t\t<div class=\"elementor-element elementor-element-f442787 e-con-full e-flex e-con e-child\" data-id=\"f442787\" data-element_type=\"container\" data-e-type=\"container\">\n\t\t\t\t<div class=\"elementor-element elementor-element-f3814e3 elementor-widget elementor-widget-spacer\" data-id=\"f3814e3\" data-element_type=\"widget\" data-e-type=\"widget\" data-widget_type=\"spacer.default\">\n\t\t\t\t<div class=\"elementor-widget-container\">\n\t\t\t\t\t\t\t<div class=\"elementor-spacer\">\n\t\t\t<div class=\"elementor-spacer-inner\"><\/div>\n\t\t<\/div>\n\t\t\t\t\t\t<\/div>\n\t\t\t\t<\/div>\n\t\t\t\t<div class=\"elementor-element elementor-element-32883f7 elementor-widget elementor-widget-image\" data-id=\"32883f7\" data-element_type=\"widget\" data-e-type=\"widget\" data-widget_type=\"image.default\">\n\t\t\t\t<div class=\"elementor-widget-container\">\n\t\t\t\t\t\t\t\t\t\t\t\t\t\t\t<img decoding=\"async\" src=\"https:\/\/cortijolavinuela.com\/wp-content\/uploads\/elementor\/thumbs\/WhatsApp-Image-2024-04-09-at-18.19.37-qmigxd3mcg38zp8lqtbpl7wncsnnmcha6gh8whmh3k.jpeg\" title=\"WhatsApp Image 2024-04-09 at 18.19.37\" alt=\"WhatsApp Image 2024-04-09 at 18.19.37\" loading=\"lazy\" \/>\t\t\t\t\t\t\t\t\t\t\t\t\t\t\t<\/div>\n\t\t\t\t<\/div>\n\t\t\t\t<\/div>\n\t\t\t\t\t<\/div>\n\t\t\t\t<\/div>\n\t\t<div class=\"elementor-element elementor-element-3e1a4f2 e-flex e-con-boxed e-con e-parent\" data-id=\"3e1a4f2\" data-element_type=\"container\" data-e-type=\"container\" data-settings=\"{&quot;background_background&quot;:&quot;classic&quot;}\">\n\t\t\t\t\t<div class=\"e-con-inner\">\n\t\t<div class=\"elementor-element elementor-element-ce79822 e-con-full e-flex e-con e-child\" data-id=\"ce79822\" data-element_type=\"container\" data-e-type=\"container\">\n\t\t\t\t<\/div>\n\t\t<div class=\"elementor-element elementor-element-3011a78 e-con-full e-flex e-con e-child\" data-id=\"3011a78\" data-element_type=\"container\" data-e-type=\"container\">\n\t\t\t\t<div class=\"elementor-element elementor-element-b991436 elementor-widget-divider--view-line elementor-widget elementor-widget-divider\" data-id=\"b991436\" data-element_type=\"widget\" data-e-type=\"widget\" data-widget_type=\"divider.default\">\n\t\t\t\t<div class=\"elementor-widget-container\">\n\t\t\t\t\t\t\t<div class=\"elementor-divider\">\n\t\t\t<span class=\"elementor-divider-separator\">\n\t\t\t\t\t\t<\/span>\n\t\t<\/div>\n\t\t\t\t\t\t<\/div>\n\t\t\t\t<\/div>\n\t\t\t\t<div class=\"elementor-element elementor-element-a21f5d3 elementor-widget elementor-widget-heading\" data-id=\"a21f5d3\" data-element_type=\"widget\" data-e-type=\"widget\" data-widget_type=\"heading.default\">\n\t\t\t\t<div class=\"elementor-widget-container\">\n\t\t\t\t\t<h2 class=\"elementor-heading-title elementor-size-default\">Prices<\/h2>\t\t\t\t<\/div>\n\t\t\t\t<\/div>\n\t\t\t\t<div class=\"elementor-element elementor-element-535090b elementor-widget elementor-widget-text-editor\" data-id=\"535090b\" data-element_type=\"widget\" data-e-type=\"widget\" data-widget_type=\"text-editor.default\">\n\t\t\t\t<div class=\"elementor-widget-container\">\n\t\t\t\t\t\t\t\t\t<p>Discounts are offered for extended stays.<br>Children are counted as one person for pricing and stay calculations. Babies up to 12 months old stay for free, and we provide a travel cot and high chair.<\/p>\n<h5>What is included in the price?<\/h5>\n<p>Gas and electricity (cooking, heating, and hot water) are included.<\/p>\n<p>If you want to use the fireplace or stove, firewood is not included in the price of the stay. Firewood is available for purchase at \"La Tiendita\". A bucket with olive wood costs 11 euros.<\/p>\n<p>We provide sheets and towels, which are changed every 4 days for longer stays.<\/p>\n<p>Free WiFi is available in all apartments, the pool area, and gardens.<\/p>\t\t\t\t\t\t\t\t<\/div>\n\t\t\t\t<\/div>\n\t\t\t\t<\/div>\n\t\t<div class=\"elementor-element elementor-element-7c6f9d0 e-con-full e-flex e-con e-child\" data-id=\"7c6f9d0\" data-element_type=\"container\" data-e-type=\"container\">\n\t\t\t\t<\/div>\n\t\t\t\t\t<\/div>\n\t\t\t\t<\/div>\n\t\t<div class=\"elementor-element elementor-element-1493f87 e-flex e-con-boxed e-con e-parent\" data-id=\"1493f87\" data-element_type=\"container\" data-e-type=\"container\" data-settings=\"{&quot;background_background&quot;:&quot;classic&quot;}\">\n\t\t\t\t\t<div class=\"e-con-inner\">\n\t\t<div class=\"elementor-element elementor-element-e0b20a0 e-con-full e-flex e-con e-child\" data-id=\"e0b20a0\" data-element_type=\"container\" data-e-type=\"container\">\n\t\t\t\t<\/div>\n\t\t<div class=\"elementor-element elementor-element-8275fee e-con-full e-flex e-con e-child\" data-id=\"8275fee\" data-element_type=\"container\" data-e-type=\"container\">\n\t\t\t\t<div class=\"elementor-element elementor-element-be532fb elementor-widget-divider--view-line elementor-widget elementor-widget-divider\" data-id=\"be532fb\" data-element_type=\"widget\" data-e-type=\"widget\" data-widget_type=\"divider.default\">\n\t\t\t\t<div class=\"elementor-widget-container\">\n\t\t\t\t\t\t\t<div class=\"elementor-divider\">\n\t\t\t<span class=\"elementor-divider-separator\">\n\t\t\t\t\t\t<\/span>\n\t\t<\/div>\n\t\t\t\t\t\t<\/div>\n\t\t\t\t<\/div>\n\t\t\t\t<div class=\"elementor-element elementor-element-08556c6 elementor-widget elementor-widget-heading\" data-id=\"08556c6\" data-element_type=\"widget\" data-e-type=\"widget\" data-widget_type=\"heading.default\">\n\t\t\t\t<div class=\"elementor-widget-container\">\n\t\t\t\t\t<h2 class=\"elementor-heading-title elementor-size-default\">Booking Conditions<\/h2>\t\t\t\t<\/div>\n\t\t\t\t<\/div>\n\t\t\t\t<div class=\"elementor-element elementor-element-88e8487 elementor-widget elementor-widget-text-editor\" data-id=\"88e8487\" data-element_type=\"widget\" data-e-type=\"widget\" data-widget_type=\"text-editor.default\">\n\t\t\t\t<div class=\"elementor-widget-container\">\n\t\t\t\t\t\t\t\t\t<p>Reservation<\/p><p>To formalize a reservation, it is necessary to make a bank transfer to the account that we will provide you with the stipulated amount in each case. The reservation will be confirmed once the deposit payment has been confirmed. Send the notification by email.<\/p><p>Reservado el derecho de admisi\u00f3n de <strong>grupos<\/strong> (se considera grupo a partir de 6 personas). En caso de admisi\u00f3n se cobrar\u00e1 un dep\u00f3sito (100\u20ac) por posibles da\u00f1os. Se devolver\u00e1 en los siguientes 15 d\u00edas al Check-out.<\/p><p>The payment of the remaining amount is made at the Cortijo during the stay. No refund of the deposit is made regardless of the cause of cancellation.<\/p><p><b>Check-in and check-out times<\/b><\/p><p>In July and August: check-in from 5 p.m., check-out until 11 a.m.<\/p><p>Rest of the year: flexible, but with check-in from 5 p.m. and check-out until 12 p.m.<\/p><p>Please contact us, we will always do our best to accommodate you.<\/p><p><b>Minimum bookings<\/b><\/p><p>The minimum stay is 2 nights except during holidays and long weekends, which will be 3 or 4 nights depending on the calendar.<\/p><p>From the third week of July to the third week of August (both inclusive), the minimum stay is 5 to 7 nights depending on the house rented and 4 nights minimum in the Studio.<\/p><p><b>Pets<\/b><\/p><p>To ensure the peace of all guests, we do not allow pets, but if you have a special situation, feel free to contact us. If possible, you may be able to stay with a pet in \"La Casita\".<br \/>En La Vi\u00f1uela vive Yama, una perra muy sociable y juguetona de tama\u00f1o medio y 2 gatas.<\/p><p><b>Services<\/b><\/p><p>We do not provide breakfast or restaurant services.<\/p><p><b>Security<\/b><\/p><p>When you leave your house\/apartment, please make sure to close the door and windows securely. Although the farmhouse is safe, we cannot be held responsible for your belongings.<\/p><p><b>Right to acces<\/b><\/p><p>In case of breakdown, cleaning or any other cause of extreme necessity, we reserve the right to enter the houses\/apartments, giving advance notice if possible.<\/p>\t\t\t\t\t\t\t\t<\/div>\n\t\t\t\t<\/div>\n\t\t\t\t<div class=\"elementor-element elementor-element-cb204c4 elementor-widget elementor-widget-spacer\" data-id=\"cb204c4\" data-element_type=\"widget\" data-e-type=\"widget\" data-widget_type=\"spacer.default\">\n\t\t\t\t<div class=\"elementor-widget-container\">\n\t\t\t\t\t\t\t<div class=\"elementor-spacer\">\n\t\t\t<div class=\"elementor-spacer-inner\"><\/div>\n\t\t<\/div>\n\t\t\t\t\t\t<\/div>\n\t\t\t\t<\/div>\n\t\t\t\t<div class=\"elementor-element elementor-element-8f87c0e elementor-widget elementor-widget-spacer\" data-id=\"8f87c0e\" data-element_type=\"widget\" data-e-type=\"widget\" data-widget_type=\"spacer.default\">\n\t\t\t\t<div class=\"elementor-widget-container\">\n\t\t\t\t\t\t\t<div class=\"elementor-spacer\">\n\t\t\t<div class=\"elementor-spacer-inner\"><\/div>\n\t\t<\/div>\n\t\t\t\t\t\t<\/div>\n\t\t\t\t<\/div>\n\t\t\t\t<div class=\"elementor-element elementor-element-fcd47dc elementor-widget-divider--view-line elementor-widget elementor-widget-divider\" data-id=\"fcd47dc\" data-element_type=\"widget\" data-e-type=\"widget\" data-widget_type=\"divider.default\">\n\t\t\t\t<div class=\"elementor-widget-container\">\n\t\t\t\t\t\t\t<div class=\"elementor-divider\">\n\t\t\t<span class=\"elementor-divider-separator\">\n\t\t\t\t\t\t<\/span>\n\t\t<\/div>\n\t\t\t\t\t\t<\/div>\n\t\t\t\t<\/div>\n\t\t\t\t<div class=\"elementor-element elementor-element-7c87d8f elementor-widget elementor-widget-spacer\" data-id=\"7c87d8f\" data-element_type=\"widget\" data-e-type=\"widget\" data-widget_type=\"spacer.default\">\n\t\t\t\t<div class=\"elementor-widget-container\">\n\t\t\t\t\t\t\t<div class=\"elementor-spacer\">\n\t\t\t<div class=\"elementor-spacer-inner\"><\/div>\n\t\t<\/div>\n\t\t\t\t\t\t<\/div>\n\t\t\t\t<\/div>\n\t\t\t\t<div class=\"elementor-element elementor-element-7512c39 elementor-widget elementor-widget-text-editor\" data-id=\"7512c39\" data-element_type=\"widget\" data-e-type=\"widget\" data-widget_type=\"text-editor.default\">\n\t\t\t\t<div class=\"elementor-widget-container\">\n\t\t\t\t\t\t\t\t\t<p><b>TO CONSIDER<\/b><\/p><p>You arrive at a small paradise in the countryside, here live other living beings that, please, we must respect: like Yama our dog, cats, birds, insects, the fish, turtles and frogs in the alberca, etc.<\/p><p>We are in the mountains, sometimes the weather is not what you consider perfect: it can be cold, hot, windy, rainy...\u00a0<\/p><p>Sometimes there may be noise due to maintenance work on our land or other surrounding land. We apologize in advance<\/p><p>The road to get there during the entire section of La Alpujarra is a mountain road and therefore has curves. The access road to the Cortijo is paved<\/p><p>_________________________________________________________<br \/>For the proper functioning of coexistence in Cortijo La Vi\u00f1uela, pay attention to the following REMINDERS<\/p><p>*You have to take the GARBAGE generated during your stay to one of the collection points located in Atalbeitar or Pitres<\/p><p>*Do not throw paper, wet wipes or other intimate hygiene products into the toilet, but into the trash cans in each bathroom.<\/p><p>*Do not pour used OIL down the sink<\/p><p>*Do not use the house's wood-burning FIREPLACE as a barbecue<\/p><p>*Do not WASTE water, electricity or heating<\/p><p>*Do not play MUSIC in common areas (swimming pool, picnic area, garden, etc.)<\/p><div><div>*Do not use white toilet TOWELS for the pool<\/div><div>\u00a0<\/div><div><div>*The WIFI password is written on a piece of paper on the refrigerator door<\/div><\/div><div>\u00a0<\/div><\/div><p>THANK YOU VERY MUCH FOR YOUR CONSIDERATION<\/p><div>\u00a0<\/div>\t\t\t\t\t\t\t\t<\/div>\n\t\t\t\t<\/div>\n\t\t\t\t<\/div>\n\t\t<div class=\"elementor-element elementor-element-d38e44a e-con-full e-flex e-con e-child\" data-id=\"d38e44a\" data-element_type=\"container\" data-e-type=\"container\">\n\t\t\t\t<\/div>\n\t\t\t\t\t<\/div>\n\t\t\t\t<\/div>\n\t\t\t\t<\/div>","protected":false},"excerpt":{"rendered":"<p>Precios y Reservas Para consultar la disponibilidad de las casas o cualquier otra informaci\u00f3n adicional puedes contactar por tel\u00e9fono o [&hellip;]<\/p>","protected":false},"author":1,"featured_media":0,"parent":0,"menu_order":0,"comment_status":"closed","ping_status":"closed","template":"","meta":{"site-sidebar-layout":"no-sidebar","site-content-layout":"","ast-site-content-layout":"full-width-container","site-content-style":"default","site-sidebar-style":"default","ast-global-header-display":"","ast-banner-title-visibility":"","ast-main-header-display":"","ast-hfb-above-header-display":"","ast-hfb-below-header-display":"","ast-hfb-mobile-header-display":"","site-post-title":"disabled","ast-breadcrumbs-content":"","ast-featured-img":"disabled","footer-sml-layout":"","ast-disable-related-posts":"","theme-transparent-header-meta":"","adv-header-id-meta":"","stick-header-meta":"","header-above-stick-meta":"","header-main-stick-meta":"","header-below-stick-meta":"","astra-migrate-meta-layouts":"default","ast-page-background-enabled":"default","ast-page-background-meta":{"desktop":{"background-color":"var(--ast-global-color-4)","background-image":"","background-repeat":"repeat","background-position":"center center","background-size":"auto","background-attachment":"scroll","background-type":"","background-media":"","overlay-type":"","overlay-color":"","overlay-opacity":"","overlay-gradient":""},"tablet":{"background-color":"","background-image":"","background-repeat":"repeat","background-position":"center center","background-size":"auto","background-attachment":"scroll","background-type":"","background-media":"","overlay-type":"","overlay-color":"","overlay-opacity":"","overlay-gradient":""},"mobile":{"background-color":"","background-image":"","background-repeat":"repeat","background-position":"center center","background-size":"auto","background-attachment":"scroll","background-type":"","background-media":"","overlay-type":"","overlay-color":"","overlay-opacity":"","overlay-gradient":""}},"ast-content-background-meta":{"desktop":{"background-color":"var(--ast-global-color-5)","background-image":"","background-repeat":"repeat","background-position":"center center","background-size":"auto","background-attachment":"scroll","background-type":"","background-media":"","overlay-type":"","overlay-color":"","overlay-opacity":"","overlay-gradient":""},"tablet":{"background-color":"var(--ast-global-color-5)","background-image":"","background-repeat":"repeat","background-position":"center center","background-size":"auto","background-attachment":"scroll","background-type":"","background-media":"","overlay-type":"","overlay-color":"","overlay-opacity":"","overlay-gradient":""},"mobile":{"background-color":"var(--ast-global-color-5)","background-image":"","background-repeat":"repeat","background-position":"center center","background-size":"auto","background-attachment":"scroll","background-type":"","background-media":"","overlay-type":"","overlay-color":"","overlay-opacity":"","overlay-gradient":""}},"footnotes":""},"class_list":["post-64","page","type-page","status-publish","hentry"],"_links":{"self":[{"href":"https:\/\/cortijolavinuela.com\/en\/wp-json\/wp\/v2\/pages\/64","targetHints":{"allow":["GET"]}}],"collection":[{"href":"https:\/\/cortijolavinuela.com\/en\/wp-json\/wp\/v2\/pages"}],"about":[{"href":"https:\/\/cortijolavinuela.com\/en\/wp-json\/wp\/v2\/types\/page"}],"author":[{"embeddable":true,"href":"https:\/\/cortijolavinuela.com\/en\/wp-json\/wp\/v2\/users\/1"}],"replies":[{"embeddable":true,"href":"https:\/\/cortijolavinuela.com\/en\/wp-json\/wp\/v2\/comments?post=64"}],"version-history":[{"count":226,"href":"https:\/\/cortijolavinuela.com\/en\/wp-json\/wp\/v2\/pages\/64\/revisions"}],"predecessor-version":[{"id":1892,"href":"https:\/\/cortijolavinuela.com\/en\/wp-json\/wp\/v2\/pages\/64\/revisions\/1892"}],"wp:attachment":[{"href":"https:\/\/cortijolavinuela.com\/en\/wp-json\/wp\/v2\/media?parent=64"}],"curies":[{"name":"wp","href":"https:\/\/api.w.org\/{rel}","templated":true}]}}