{"id":66,"date":"2024-04-09T11:37:32","date_gmt":"2024-04-09T11:37:32","guid":{"rendered":"https:\/\/cortijolavinuela.com\/?page_id=66"},"modified":"2025-03-16T17:36:28","modified_gmt":"2025-03-16T16:36:28","slug":"contacto","status":"publish","type":"page","link":"https:\/\/cortijolavinuela.com\/en\/contacto\/","title":{"rendered":"Contact"},"content":{"rendered":"<div data-elementor-type=\"wp-page\" data-elementor-id=\"66\" class=\"elementor elementor-66\" data-elementor-post-type=\"page\">\n\t\t\t\t<div class=\"elementor-element elementor-element-36180b5 e-flex e-con-boxed e-con e-parent\" data-id=\"36180b5\" data-element_type=\"container\" data-e-type=\"container\" data-settings=\"{&quot;background_background&quot;:&quot;classic&quot;}\">\n\t\t\t\t\t<div class=\"e-con-inner\">\n\t\t\t\t\t<\/div>\n\t\t\t\t<\/div>\n\t\t<div class=\"elementor-element elementor-element-4d635b9 e-flex e-con-boxed e-con e-parent\" data-id=\"4d635b9\" data-element_type=\"container\" data-e-type=\"container\" data-settings=\"{&quot;background_background&quot;:&quot;classic&quot;}\">\n\t\t\t\t\t<div class=\"e-con-inner\">\n\t\t<div class=\"elementor-element elementor-element-e3c1854 e-con-full e-flex e-con e-child\" data-id=\"e3c1854\" data-element_type=\"container\" data-e-type=\"container\">\n\t\t\t\t<\/div>\n\t\t<div class=\"elementor-element elementor-element-b027343 e-con-full e-flex e-con e-child\" data-id=\"b027343\" data-element_type=\"container\" data-e-type=\"container\">\n\t\t\t\t<div class=\"elementor-element elementor-element-15d3758 elementor-widget elementor-widget-heading\" data-id=\"15d3758\" data-element_type=\"widget\" data-e-type=\"widget\" data-widget_type=\"heading.default\">\n\t\t\t\t<div class=\"elementor-widget-container\">\n\t\t\t\t\t<h2 class=\"elementor-heading-title elementor-size-default\">Contact<\/h2>\t\t\t\t<\/div>\n\t\t\t\t<\/div>\n\t\t\t\t<div class=\"elementor-element elementor-element-730b974 elementor-widget elementor-widget-text-editor\" data-id=\"730b974\" data-element_type=\"widget\" data-e-type=\"widget\" data-widget_type=\"text-editor.default\">\n\t\t\t\t<div class=\"elementor-widget-container\">\n\t\t\t\t\t\t\t\t\t<p>For questions and reservations, please contact by email or phone.<\/p>\n<p>tel: (+34) 615 757 736 (m\u00f3vil)<br>email: cortijolavinuela@gmail.com<\/p>\n<p>Al contactar, por favor indica la casa que te interesa alquilar, las fechas, el n\u00famero de adultos y ni\u00f1os\/as (y las edades de los ni\u00f1os\/as).<\/p>\n<p>Esther speaks both Spanish and English<\/p>\n<p>Registro en Turismo: VTAR\/GR\/00958<\/p>\t\t\t\t\t\t\t\t<\/div>\n\t\t\t\t<\/div>\n\t\t\t\t<\/div>\n\t\t<div class=\"elementor-element elementor-element-5708f60 e-con-full e-flex e-con e-child\" data-id=\"5708f60\" data-element_type=\"container\" data-e-type=\"container\">\n\t\t\t\t<\/div>\n\t\t\t\t\t<\/div>\n\t\t\t\t<\/div>\n\t\t<div class=\"elementor-element elementor-element-031132d e-flex e-con-boxed e-con e-parent\" data-id=\"031132d\" data-element_type=\"container\" data-e-type=\"container\" id=\"map\" data-settings=\"{&quot;background_background&quot;:&quot;classic&quot;}\">\n\t\t\t\t\t<div class=\"e-con-inner\">\n\t\t<div class=\"elementor-element elementor-element-3deef14 e-con-full e-flex e-con e-child\" data-id=\"3deef14\" data-element_type=\"container\" data-e-type=\"container\">\n\t\t\t\t<\/div>\n\t\t<div class=\"elementor-element elementor-element-ddd7cbc e-con-full e-flex e-con e-child\" data-id=\"ddd7cbc\" data-element_type=\"container\" data-e-type=\"container\">\n\t\t\t\t<div class=\"elementor-element elementor-element-fb6b4e3 elementor-widget elementor-widget-heading\" data-id=\"fb6b4e3\" data-element_type=\"widget\" data-e-type=\"widget\" data-widget_type=\"heading.default\">\n\t\t\t\t<div class=\"elementor-widget-container\">\n\t\t\t\t\t<h2 class=\"elementor-heading-title elementor-size-default\">Directions<\/h2>\t\t\t\t<\/div>\n\t\t\t\t<\/div>\n\t\t\t\t<div class=\"elementor-element elementor-element-595908f elementor-widget elementor-widget-text-editor\" data-id=\"595908f\" data-element_type=\"widget\" data-e-type=\"widget\" data-widget_type=\"text-editor.default\">\n\t\t\t\t<div class=\"elementor-widget-container\">\n\t\t\t\t\t\t\t\t\t<p>Direction: Carretera de Atalbeitar s\/n, 18414, PITRES, Granada.<br \/>Tel: 615 75 77 36\u00a0<br \/>GPS Coordinates<br \/>N 36\u00b0 56\u2032 06.20\u2033<br \/>W 03\u00b0 18\u2032 56.33\u2033<\/p>\t\t\t\t\t\t\t\t<\/div>\n\t\t\t\t<\/div>\n\t\t\t\t<div class=\"elementor-element elementor-element-2206386 elementor-widget elementor-widget-google_maps\" data-id=\"2206386\" data-element_type=\"widget\" data-e-type=\"widget\" data-widget_type=\"google_maps.default\">\n\t\t\t\t<div class=\"elementor-widget-container\">\n\t\t\t\t\t\t\t<div class=\"elementor-custom-embed\">\n\t\t\t<iframe loading=\"lazy\"\n\t\t\t\t\tsrc=\"https:\/\/maps.google.com\/maps?q=atalbeitar%2C%20cortijo%20la%20vi%C3%B1uela&#038;t=m&#038;z=10&#038;output=embed&#038;iwloc=near\"\n\t\t\t\t\ttitle=\"atalbeitar, cortijo la vi\u00f1uela\"\n\t\t\t\t\taria-label=\"atalbeitar, cortijo la vi\u00f1uela\"\n\t\t\t><\/iframe>\n\t\t<\/div>\n\t\t\t\t\t\t<\/div>\n\t\t\t\t<\/div>\n\t\t\t\t<\/div>\n\t\t<div class=\"elementor-element elementor-element-770b1da e-con-full e-flex e-con e-child\" data-id=\"770b1da\" data-element_type=\"container\" data-e-type=\"container\">\n\t\t\t\t<\/div>\n\t\t\t\t\t<\/div>\n\t\t\t\t<\/div>\n\t\t<div class=\"elementor-element elementor-element-c191c3a e-flex e-con-boxed e-con e-parent\" data-id=\"c191c3a\" data-element_type=\"container\" data-e-type=\"container\" data-settings=\"{&quot;background_background&quot;:&quot;classic&quot;}\">\n\t\t\t\t\t<div class=\"e-con-inner\">\n\t\t<div class=\"elementor-element elementor-element-ed27366 e-con-full e-flex e-con e-child\" data-id=\"ed27366\" data-element_type=\"container\" data-e-type=\"container\">\n\t\t\t\t<\/div>\n\t\t<div class=\"elementor-element elementor-element-d01a7ff e-con-full e-flex e-con e-child\" data-id=\"d01a7ff\" data-element_type=\"container\" data-e-type=\"container\">\n\t\t\t\t<div class=\"elementor-element elementor-element-5495cae elementor-widget elementor-widget-text-editor\" data-id=\"5495cae\" data-element_type=\"widget\" data-e-type=\"widget\" data-widget_type=\"text-editor.default\">\n\t\t\t\t<div class=\"elementor-widget-container\">\n\t\t\t\t\t\t\t\t\t<p><b>How to reach from Granada<br><\/b>From Granada\nTake the Granada-Motril Highway towards Motril.<\/p>\n<p>Take the Granada-Motril Highway towards Motril.\nTake the LANJAR\u00d3N \/ LA ALPUJARRA exit and follow the A348 towards Lanjar\u00f3n. Pass through the town and continue to \u00d3rgiva.\n\nAt the entrance of \u00d3rgiva, turn left after a BP gas station, taking the A4132 towards Villa Tur\u00edstica de Bubi\u00f3n, Trev\u00e9lez, and Carataunas. (At this point, you are about 30 minutes from La Vi\u00f1uela).\nFollow this road for 25 km until you reach the village of Pitres.<\/p>\n<p>Pass Pitres without entering the town (stay on the main road) and continue towards Trev\u00e9lez for 1.5 km. Cross a bridge (R\u00edo Bermejo), go through a curve, and on the straight section that follows, you will see the P\u00f3rtugos gas station on the left.<br>Before reaching the gas station, take the small road on the right towards Atalb\u00e9itar. It is steep, but trucks, buses, and cars can go down without issues. Continue descending for 1.5 km.\n\nAbout 500 meters before Atalb\u00e9itar, take the first concrete track on the right, marked by a wooden sign reading \"Cortijo La Vi\u00f1uela\". Be careful\u2014our entrance has a sharp right turn and five speed bumps further ahead.\n\nIf you find the metal gate closed, don\u2019t worry\u2014it is usually not locked. Simply get out, open it, and close it again, especially if it is nighttime.<\/p>\n<p>There is ample parking space in the gravel area upon arrival. Please do not drive up to the house.<br>Welcome!<br>Yo vivo en la \u00faltima vivienda de la edificaci\u00f3n que os encontr\u00e1is al llegar, pasando la casa de piedra con una roca grande, una blanca con porche y otra roca grande antes de llegar a nuestra puerta a la que accedes subiendo unas escalerillas.<\/p>\n<p><b>How to reach La Vi\u00f1uela from Motril<\/b><\/p>\n<p>If coming from M\u00e1laga, the best route is via Motril.\nTake exit 164 (Lanjaron-Alpujarra) before reaching Motril and follow the directions to \u00d3rgiva.\n\nAt the entrance of \u00d3rgiva, turn left after a BP gas station, taking the A4132 towards Villa Tur\u00edstica de Bubi\u00f3n, Trev\u00e9lez, and Carataunas. (At this point, you are about 30 minutes from La Vi\u00f1uela).\nFollow this road for 25 km until you reach the village of Pitres.<br>From Pitres, follow the instructions given in the previous section.<\/p>\n<p><b>How to reach La Vi\u00f1uela from Trev\u00e9lez<\/b><\/p>\n<p>If coming from Trev\u00e9lez, you don\u2019t need to go all the way to Pitres.\n\nPass Busqu\u00edstar and P\u00f3rtugos. As you leave P\u00f3rtugos, you will see the P\u00f3rtugos gas station on the right. Just after the gas station, take the small road to Atalb\u00e9itar on the left.<br>From there, follow the instructions provided earlier.&nbsp;<\/p>\t\t\t\t\t\t\t\t<\/div>\n\t\t\t\t<\/div>\n\t\t\t\t<\/div>\n\t\t<div class=\"elementor-element elementor-element-3948cf3 e-con-full e-flex e-con e-child\" data-id=\"3948cf3\" data-element_type=\"container\" data-e-type=\"container\">\n\t\t\t\t<\/div>\n\t\t\t\t\t<\/div>\n\t\t\t\t<\/div>\n\t\t\t\t<\/div>","protected":false},"excerpt":{"rendered":"<p>Contacto Para preguntas y reservas por favor contacta por email o tel\u00e9fono. tel: (+34) 615 757 736 (m\u00f3vil)email: cortijolavinuela@gmail.com Al [&hellip;]<\/p>","protected":false},"author":1,"featured_media":0,"parent":0,"menu_order":0,"comment_status":"closed","ping_status":"closed","template":"","meta":{"site-sidebar-layout":"no-sidebar","site-content-layout":"","ast-site-content-layout":"full-width-container","site-content-style":"default","site-sidebar-style":"default","ast-global-header-display":"","ast-banner-title-visibility":"","ast-main-header-display":"","ast-hfb-above-header-display":"","ast-hfb-below-header-display":"","ast-hfb-mobile-header-display":"","site-post-title":"disabled","ast-breadcrumbs-content":"","ast-featured-img":"disabled","footer-sml-layout":"","ast-disable-related-posts":"","theme-transparent-header-meta":"","adv-header-id-meta":"","stick-header-meta":"","header-above-stick-meta":"","header-main-stick-meta":"","header-below-stick-meta":"","astra-migrate-meta-layouts":"default","ast-page-background-enabled":"default","ast-page-background-meta":{"desktop":{"background-color":"var(--ast-global-color-4)","background-image":"","background-repeat":"repeat","background-position":"center center","background-size":"auto","background-attachment":"scroll","background-type":"","background-media":"","overlay-type":"","overlay-color":"","overlay-opacity":"","overlay-gradient":""},"tablet":{"background-color":"","background-image":"","background-repeat":"repeat","background-position":"center center","background-size":"auto","background-attachment":"scroll","background-type":"","background-media":"","overlay-type":"","overlay-color":"","overlay-opacity":"","overlay-gradient":""},"mobile":{"background-color":"","background-image":"","background-repeat":"repeat","background-position":"center center","background-size":"auto","background-attachment":"scroll","background-type":"","background-media":"","overlay-type":"","overlay-color":"","overlay-opacity":"","overlay-gradient":""}},"ast-content-background-meta":{"desktop":{"background-color":"var(--ast-global-color-5)","background-image":"","background-repeat":"repeat","background-position":"center center","background-size":"auto","background-attachment":"scroll","background-type":"","background-media":"","overlay-type":"","overlay-color":"","overlay-opacity":"","overlay-gradient":""},"tablet":{"background-color":"var(--ast-global-color-5)","background-image":"","background-repeat":"repeat","background-position":"center center","background-size":"auto","background-attachment":"scroll","background-type":"","background-media":"","overlay-type":"","overlay-color":"","overlay-opacity":"","overlay-gradient":""},"mobile":{"background-color":"var(--ast-global-color-5)","background-image":"","background-repeat":"repeat","background-position":"center center","background-size":"auto","background-attachment":"scroll","background-type":"","background-media":"","overlay-type":"","overlay-color":"","overlay-opacity":"","overlay-gradient":""}},"footnotes":""},"class_list":["post-66","page","type-page","status-publish","hentry"],"_links":{"self":[{"href":"https:\/\/cortijolavinuela.com\/en\/wp-json\/wp\/v2\/pages\/66","targetHints":{"allow":["GET"]}}],"collection":[{"href":"https:\/\/cortijolavinuela.com\/en\/wp-json\/wp\/v2\/pages"}],"about":[{"href":"https:\/\/cortijolavinuela.com\/en\/wp-json\/wp\/v2\/types\/page"}],"author":[{"embeddable":true,"href":"https:\/\/cortijolavinuela.com\/en\/wp-json\/wp\/v2\/users\/1"}],"replies":[{"embeddable":true,"href":"https:\/\/cortijolavinuela.com\/en\/wp-json\/wp\/v2\/comments?post=66"}],"version-history":[{"count":43,"href":"https:\/\/cortijolavinuela.com\/en\/wp-json\/wp\/v2\/pages\/66\/revisions"}],"predecessor-version":[{"id":1809,"href":"https:\/\/cortijolavinuela.com\/en\/wp-json\/wp\/v2\/pages\/66\/revisions\/1809"}],"wp:attachment":[{"href":"https:\/\/cortijolavinuela.com\/en\/wp-json\/wp\/v2\/media?parent=66"}],"curies":[{"name":"wp","href":"https:\/\/api.w.org\/{rel}","templated":true}]}}