{"id":92,"date":"2024-04-09T11:47:53","date_gmt":"2024-04-09T11:47:53","guid":{"rendered":"https:\/\/cortijolavinuela.com\/?page_id=92"},"modified":"2024-04-13T19:55:42","modified_gmt":"2024-04-13T17:55:42","slug":"aviso-legal","status":"publish","type":"page","link":"https:\/\/cortijolavinuela.com\/en\/aviso-legal\/","title":{"rendered":"Legal Notice"},"content":{"rendered":"<div data-elementor-type=\"wp-page\" data-elementor-id=\"92\" class=\"elementor elementor-92\" data-elementor-post-type=\"page\">\n\t\t\t\t<div class=\"elementor-element elementor-element-9ee6bcf e-flex e-con-boxed e-con e-parent\" data-id=\"9ee6bcf\" data-element_type=\"container\" data-e-type=\"container\" data-settings=\"{&quot;background_background&quot;:&quot;classic&quot;}\">\n\t\t\t\t\t<div class=\"e-con-inner\">\n\t\t\t\t<div class=\"elementor-element elementor-element-85ba542 elementor-widget elementor-widget-image\" data-id=\"85ba542\" data-element_type=\"widget\" data-e-type=\"widget\" data-widget_type=\"image.default\">\n\t\t\t\t<div class=\"elementor-widget-container\">\n\t\t\t\t\t\t\t\t\t\t\t\t\t\t\t<img fetchpriority=\"high\" decoding=\"async\" width=\"1024\" height=\"684\" src=\"https:\/\/cortijolavinuela.com\/wp-content\/uploads\/2024\/04\/image_2024-04-13_190936823.png\" class=\"attachment-large size-large wp-image-1071\" alt=\"\" srcset=\"https:\/\/cortijolavinuela.com\/wp-content\/uploads\/2024\/04\/image_2024-04-13_190936823.png 1024w, https:\/\/cortijolavinuela.com\/wp-content\/uploads\/2024\/04\/image_2024-04-13_190936823-300x200.png 300w, https:\/\/cortijolavinuela.com\/wp-content\/uploads\/2024\/04\/image_2024-04-13_190936823-768x513.png 768w\" sizes=\"(max-width: 1024px) 100vw, 1024px\" \/>\t\t\t\t\t\t\t\t\t\t\t\t\t\t\t<\/div>\n\t\t\t\t<\/div>\n\t\t\t\t\t<\/div>\n\t\t\t\t<\/div>\n\t\t<div class=\"elementor-element elementor-element-9b18eb6 e-flex e-con-boxed e-con e-parent\" data-id=\"9b18eb6\" data-element_type=\"container\" data-e-type=\"container\" data-settings=\"{&quot;background_background&quot;:&quot;classic&quot;}\">\n\t\t\t\t\t<div class=\"e-con-inner\">\n\t\t\t\t<div class=\"elementor-element elementor-element-2c60dac elementor-widget elementor-widget-spacer\" data-id=\"2c60dac\" data-element_type=\"widget\" data-e-type=\"widget\" data-widget_type=\"spacer.default\">\n\t\t\t\t<div class=\"elementor-widget-container\">\n\t\t\t\t\t\t\t<div class=\"elementor-spacer\">\n\t\t\t<div class=\"elementor-spacer-inner\"><\/div>\n\t\t<\/div>\n\t\t\t\t\t\t<\/div>\n\t\t\t\t<\/div>\n\t\t\t\t<div class=\"elementor-element elementor-element-87c1ec6 elementor-widget elementor-widget-heading\" data-id=\"87c1ec6\" data-element_type=\"widget\" data-e-type=\"widget\" data-widget_type=\"heading.default\">\n\t\t\t\t<div class=\"elementor-widget-container\">\n\t\t\t\t\t<h2 class=\"elementor-heading-title elementor-size-default\">Aviso legal<\/h2>\t\t\t\t<\/div>\n\t\t\t\t<\/div>\n\t\t\t\t<div class=\"elementor-element elementor-element-48dc83c elementor-widget elementor-widget-text-editor\" data-id=\"48dc83c\" data-element_type=\"widget\" data-e-type=\"widget\" data-widget_type=\"text-editor.default\">\n\t\t\t\t<div class=\"elementor-widget-container\">\n\t\t\t\t\t\t\t\t\t<p>CONDICIONES GENERALES DE USO DEL SITIO WEB de Esther Garrido Arenzana cortijolavinuela.com<\/p>\t\t\t\t\t\t\t\t<\/div>\n\t\t\t\t<\/div>\n\t\t\t\t<div class=\"elementor-element elementor-element-1da79d3 elementor-widget elementor-widget-text-editor\" data-id=\"1da79d3\" data-element_type=\"widget\" data-e-type=\"widget\" data-widget_type=\"text-editor.default\">\n\t\t\t\t<div class=\"elementor-widget-container\">\n\t\t\t\t\t\t\t\t\t<p>Esther Garrido Arenzana (EN ADELANTE EL PROPIETARIO) con domicilio a efectos de notificaciones en Cortijo La Vi\u00f1uela, Carretera Atalbeitar s\/n, 18414, Pitres, Granada con NIF 16282126N pone a disposici\u00f3n en su sitio web cortijolavinuela.com determinados contenidos de car\u00e1cter informativo sobre sus actividades. Las presentes condiciones generales rigen \u00fanica y exclusivamente el uso del sitio web de EL PROPIETARIO por parte de los USUARIOS que accedan al mismo. Las presentes condiciones generales se le exponen al USUARIO en el sitio web cortijolavinuela.com en todas y cada una de las p\u00e1ginas, para que las lea, las imprima, archive y acepte a trav\u00e9s de internet y se encuentre plenamente informado.<\/p><p>El acceso al sitio web de EL PROPIETARIO implica sin reservas la aceptaci\u00f3n de las presentes condiciones generales de uso que el USUARIO afirma comprender en su totalidad. El USUARIO se compromete no a utilizar el sitio web y los servicios que se ofrecen en el mismo para la realizaci\u00f3n de actividades contrarias a la ley y a respetar en todo momento las presentes condiciones generales.<\/p><p>PRIMERA.- CONDICIONES DE ACCESO Y USO<\/p><p>1.1.- La utilizaci\u00f3n del sitio web de EL PROPIETARIO, no conlleva la obligatoriedad de inscripci\u00f3n del USUARIO. Las condiciones de acceso y uso del presente sitio web se rigen estrictamente por la legalidad vigente y por el principio de buena fe comprometi\u00e9ndose el USUARIO a realizar un buen uso de la web. Quedan prohibidos todos los actos que vulneren la legalidad, derechos o intereses de terceros: derecho a la intimidad, protecci\u00f3n de datos, propiedad intelectual etc.<\/p><p>Expresamente EL PROPIETARIO proh\u00edbe los siguientes:<\/p><p>1.1.1.- Realizar acciones que puedan producir en el sitio web o a trav\u00e9s del mismo por cualquier medio cualquier tipo de da\u00f1o a los sistemas de EL PROPIETARIO o a terceros.<\/p><p>1.1.2.- Realizar sin la debida autorizaci\u00f3n cualquier tipo de publicidad o informaci\u00f3n comercial directamente o de forma encubierta, el env\u00edo de correos masivos (\u00abspaming\u00bb) o env\u00edo de grandes mensajes con el fin de bloquear servidores de la red (\u00abmail bombing\u00bb).<\/p><p>1.2.- EL PROPIETARIO, podr\u00e1 interrumpir en cualquier momento el acceso a su sitio web si detecta un uso contrario a la legalidad, la buena fe o a las presentes condiciones generales- ver cl\u00e1usula quinta.<\/p><p>SEGUNDA.- CONTENIDOS:<\/p><p>Los contenidos incorporados en este sitio web han sido elaborados e incluidos por:<\/p><p>2.1.- EL PROPIETARIO utilizando fuentes internas y externas de tal modo que EL PROPIETARIO \u00fanicamente se hace responsable por los contenidos elaborados de forma interna.<\/p><p>2.2.- Los USUARIOS, a trav\u00e9s de colaboraciones o introducci\u00f3n voluntaria de contenidos, tanto gr\u00e1ficos como escritos, directa o indirectamente a trav\u00e9s de enlaces o links siendo \u00e9stos los \u00fanicos responsables de los mismos y quedando expresamente exento EL PROPIETARIO de toda responsabilidad. EL USUARIO que introduzca cualquier contenido en el sitio web del PROPIETARIO manifiesta la absoluta legalidad y autor\u00eda de los mismos y expresamente asume todo tipo de responsabilidad que se pueda derivar de estos contenidos. El USUARIO tambi\u00e9n se hace responsable de las opiniones introducidas en el chat y foros puestos a su disposici\u00f3n en el sitio web. EL PROPIETARIO no ser\u00e1 responsable en ning\u00fan caso de las opiniones vertidas en los referidos foros y podr\u00e1 retirar o impedir el acceso a los USUARIOS que vulneren la legalidad vigente as\u00ed como poner en conocimiento de Juzgados y Tribunales los hechos que sean constitutivos de alg\u00fan tipo de il\u00edcito penal o civil.<\/p><p>2.3.- EL PROPIETARIO se reserva el derecho a modificar en cualquier momento los contenidos existentes en su sitio web. EL PROPIETARIO no asegura ni se responsabiliza del correcto funcionamiento de los enlaces a sitios web de terceros que figuren en cortijolavinuela.com. Adem\u00e1s a trav\u00e9s del sitio web del PROPIETARIO se ponen a disposici\u00f3n del usuario servicios gratuitos y de pago ofrecidos por terceros ajenos y que se regir\u00e1n por las condiciones particulares de cada uno de ellos. EL PROPIETARIO no garantiza la veracidad, exactitud o actualidad de los contenidos y servicios ofrecidos por terceros y queda expresamente exento de todo tipo de responsabilidad por los da\u00f1os y perjuicios que puedan derivarse de la falta de exactitud de estos contenidos y servicios.<\/p><p>TERCERA.- RESPONSABILIDAD<\/p><p>3.1.- EL PROPIETARIO en ning\u00fan caso ser\u00e1 responsable de:<\/p><p>3.1.1.- Los fallos e incidencias que pudieran producirse en las comunicaciones, borrado o transmisiones incompletas de manera que no se garantiza que los servicios del sitio web est\u00e9n constantemente operativos.<\/p><p>3.1.2.- De la producci\u00f3n de cualquier tipo de da\u00f1o que los USUARIOS o terceros pudiesen ocasionar en el sitio web.<\/p><p>3.1.3.- De la fiabilidad y veracidad de las informaciones introducidas por terceros en el sitio web, bien directamente, bien a trav\u00e9s de enlaces o links. Asimismo, Esther Garrido Arenzana colaborar\u00e1 y notificar\u00e1 a la autoridad competente estas incidencias en el momento en que tenga conocimiento fehaciente de que los da\u00f1os ocasionados constituyan cualquier tipo de actividad il\u00edcita.<\/p><p>3.2.- EL PROPIETARIO se reserva el derecho a suspender el acceso sin previo aviso de forma discrecional y con car\u00e1cter definitivo o temporal hasta el aseguramiento de la efectiva responsabilidad de los da\u00f1os que pudieran producirse. Asimismo, EL PROPIETARIO colaborar\u00e1 y notificar\u00e1 a la autoridad competente estas incidencias en el momento en que tenga conocimiento fehaciente de que los da\u00f1os ocasionados constituyan cualquier tipo de actividad il\u00edcita.<\/p><p>CUARTA.- DERECHOS DE AUTOR Y MARCA<\/p><p>El sitio web de EL PROPIETARIO \u2013 los contenidos propios, la programaci\u00f3n y el dise\u00f1o del sitio web- se encuentra plenamente protegido por los derechos de autor, quedando expresamente prohibida toda reproducci\u00f3n, comunicaci\u00f3n, distribuci\u00f3n y transformaci\u00f3n de los referidos elementos protegidos salvo consentimiento expreso de EL PROPIETARIO. Los materiales tanto gr\u00e1ficos como escritos enviados por los usuarios a trav\u00e9s de los medios que se ponen a su disposici\u00f3n en el sitio web son propiedad del usuario que afirma al enviarlos su leg\u00edtima autor\u00eda y cede los derechos de reproducci\u00f3n y distribuci\u00f3n al PROPIETARIO.<\/p><p>QUINTA.- JURISDICCI\u00d3N Y LEY APLICABLE<\/p><p>Las presentes condiciones generales se rigen por la legislaci\u00f3n espa\u00f1ola. Son competentes para resolver toda controversia o conflicto que se derive de las presentes condiciones generales los Juzgados de Granada renunciando expresamente el USUARIO a cualquier otro fuero que pudiera corresponderle.<\/p><p>SEXTA.-<\/p><p>En caso de que cualquier cl\u00e1usula del presente documento sea declarada nula, las dem\u00e1s cl\u00e1usulas seguir\u00e1n vigentes y se interpretar\u00e1n teniendo en cuenta la voluntad de las partes y la finalidad misma de las presentes condiciones. EL PROPIETARIO podr\u00e1 no ejercitar alguno de los derechos y facultades conferidos en este documento lo que no implicar\u00e1 en ning\u00fan caso la renuncia a los mismos salvo reconocimiento expreso por parte de EL PROPIETARIO.<\/p><p>S\u00c9PTIMA.-<\/p><p>Para el ejercicio de su actividad, el propietario cuenta con autorizaci\u00f3n administrativa previa tipo Registro en Turismo: VTAR\/GR\/00958 de Consejer\u00eda de Turismo y Comercio, con fecha de resoluci\u00f3n 18\/03\/2015.<\/p>\t\t\t\t\t\t\t\t<\/div>\n\t\t\t\t<\/div>\n\t\t\t\t<div class=\"elementor-element elementor-element-fee5f06 elementor-widget elementor-widget-spacer\" data-id=\"fee5f06\" data-element_type=\"widget\" data-e-type=\"widget\" data-widget_type=\"spacer.default\">\n\t\t\t\t<div class=\"elementor-widget-container\">\n\t\t\t\t\t\t\t<div class=\"elementor-spacer\">\n\t\t\t<div class=\"elementor-spacer-inner\"><\/div>\n\t\t<\/div>\n\t\t\t\t\t\t<\/div>\n\t\t\t\t<\/div>\n\t\t\t\t\t<\/div>\n\t\t\t\t<\/div>\n\t\t\t\t<\/div>","protected":false},"excerpt":{"rendered":"<p>Aviso legal CONDICIONES GENERALES DE USO DEL SITIO WEB de Esther Garrido Arenzana cortijolavinuela.com Esther Garrido Arenzana (EN ADELANTE EL [&hellip;]<\/p>","protected":false},"author":1,"featured_media":0,"parent":0,"menu_order":0,"comment_status":"closed","ping_status":"closed","template":"","meta":{"site-sidebar-layout":"no-sidebar","site-content-layout":"","ast-site-content-layout":"full-width-container","site-content-style":"default","site-sidebar-style":"default","ast-global-header-display":"","ast-banner-title-visibility":"","ast-main-header-display":"","ast-hfb-above-header-display":"","ast-hfb-below-header-display":"","ast-hfb-mobile-header-display":"","site-post-title":"disabled","ast-breadcrumbs-content":"","ast-featured-img":"disabled","footer-sml-layout":"","ast-disable-related-posts":"","theme-transparent-header-meta":"","adv-header-id-meta":"","stick-header-meta":"","header-above-stick-meta":"","header-main-stick-meta":"","header-below-stick-meta":"","astra-migrate-meta-layouts":"default","ast-page-background-enabled":"default","ast-page-background-meta":{"desktop":{"background-color":"var(--ast-global-color-4)","background-image":"","background-repeat":"repeat","background-position":"center center","background-size":"auto","background-attachment":"scroll","background-type":"","background-media":"","overlay-type":"","overlay-color":"","overlay-opacity":"","overlay-gradient":""},"tablet":{"background-color":"","background-image":"","background-repeat":"repeat","background-position":"center center","background-size":"auto","background-attachment":"scroll","background-type":"","background-media":"","overlay-type":"","overlay-color":"","overlay-opacity":"","overlay-gradient":""},"mobile":{"background-color":"","background-image":"","background-repeat":"repeat","background-position":"center center","background-size":"auto","background-attachment":"scroll","background-type":"","background-media":"","overlay-type":"","overlay-color":"","overlay-opacity":"","overlay-gradient":""}},"ast-content-background-meta":{"desktop":{"background-color":"var(--ast-global-color-5)","background-image":"","background-repeat":"repeat","background-position":"center center","background-size":"auto","background-attachment":"scroll","background-type":"","background-media":"","overlay-type":"","overlay-color":"","overlay-opacity":"","overlay-gradient":""},"tablet":{"background-color":"var(--ast-global-color-5)","background-image":"","background-repeat":"repeat","background-position":"center center","background-size":"auto","background-attachment":"scroll","background-type":"","background-media":"","overlay-type":"","overlay-color":"","overlay-opacity":"","overlay-gradient":""},"mobile":{"background-color":"var(--ast-global-color-5)","background-image":"","background-repeat":"repeat","background-position":"center center","background-size":"auto","background-attachment":"scroll","background-type":"","background-media":"","overlay-type":"","overlay-color":"","overlay-opacity":"","overlay-gradient":""}},"footnotes":""},"class_list":["post-92","page","type-page","status-publish","hentry"],"_links":{"self":[{"href":"https:\/\/cortijolavinuela.com\/en\/wp-json\/wp\/v2\/pages\/92","targetHints":{"allow":["GET"]}}],"collection":[{"href":"https:\/\/cortijolavinuela.com\/en\/wp-json\/wp\/v2\/pages"}],"about":[{"href":"https:\/\/cortijolavinuela.com\/en\/wp-json\/wp\/v2\/types\/page"}],"author":[{"embeddable":true,"href":"https:\/\/cortijolavinuela.com\/en\/wp-json\/wp\/v2\/users\/1"}],"replies":[{"embeddable":true,"href":"https:\/\/cortijolavinuela.com\/en\/wp-json\/wp\/v2\/comments?post=92"}],"version-history":[{"count":10,"href":"https:\/\/cortijolavinuela.com\/en\/wp-json\/wp\/v2\/pages\/92\/revisions"}],"predecessor-version":[{"id":1130,"href":"https:\/\/cortijolavinuela.com\/en\/wp-json\/wp\/v2\/pages\/92\/revisions\/1130"}],"wp:attachment":[{"href":"https:\/\/cortijolavinuela.com\/en\/wp-json\/wp\/v2\/media?parent=92"}],"curies":[{"name":"wp","href":"https:\/\/api.w.org\/{rel}","templated":true}]}}