{"id":95,"date":"2024-04-09T11:48:35","date_gmt":"2024-04-09T11:48:35","guid":{"rendered":"https:\/\/cortijolavinuela.com\/?page_id=95"},"modified":"2024-04-13T19:47:23","modified_gmt":"2024-04-13T17:47:23","slug":"politica-de-privacidad","status":"publish","type":"page","link":"https:\/\/cortijolavinuela.com\/en\/politica-de-privacidad\/","title":{"rendered":"Privacy Policy"},"content":{"rendered":"<div data-elementor-type=\"wp-page\" data-elementor-id=\"95\" class=\"elementor elementor-95\" data-elementor-post-type=\"page\">\n\t\t\t\t<div class=\"elementor-element elementor-element-5f60439 e-con-full e-flex e-con e-parent\" data-id=\"5f60439\" data-element_type=\"container\" data-e-type=\"container\" data-settings=\"{&quot;background_background&quot;:&quot;classic&quot;}\">\n\t\t\t\t<div class=\"elementor-element elementor-element-c27b6b1 elementor-widget elementor-widget-image\" data-id=\"c27b6b1\" data-element_type=\"widget\" data-e-type=\"widget\" data-widget_type=\"image.default\">\n\t\t\t\t<div class=\"elementor-widget-container\">\n\t\t\t\t\t\t\t\t\t\t\t\t\t\t\t<img fetchpriority=\"high\" decoding=\"async\" width=\"1024\" height=\"684\" src=\"https:\/\/cortijolavinuela.com\/wp-content\/uploads\/2024\/04\/image_2024-04-13_190936823.png\" class=\"attachment-large size-large wp-image-1071\" alt=\"\" srcset=\"https:\/\/cortijolavinuela.com\/wp-content\/uploads\/2024\/04\/image_2024-04-13_190936823.png 1024w, https:\/\/cortijolavinuela.com\/wp-content\/uploads\/2024\/04\/image_2024-04-13_190936823-300x200.png 300w, https:\/\/cortijolavinuela.com\/wp-content\/uploads\/2024\/04\/image_2024-04-13_190936823-768x513.png 768w\" sizes=\"(max-width: 1024px) 100vw, 1024px\" \/>\t\t\t\t\t\t\t\t\t\t\t\t\t\t\t<\/div>\n\t\t\t\t<\/div>\n\t\t\t\t<\/div>\n\t\t<div class=\"elementor-element elementor-element-5f3a28f e-flex e-con-boxed e-con e-parent\" data-id=\"5f3a28f\" data-element_type=\"container\" data-e-type=\"container\" data-settings=\"{&quot;background_background&quot;:&quot;classic&quot;}\">\n\t\t\t\t\t<div class=\"e-con-inner\">\n\t\t\t\t<div class=\"elementor-element elementor-element-0a43326 elementor-widget elementor-widget-spacer\" data-id=\"0a43326\" data-element_type=\"widget\" data-e-type=\"widget\" data-widget_type=\"spacer.default\">\n\t\t\t\t<div class=\"elementor-widget-container\">\n\t\t\t\t\t\t\t<div class=\"elementor-spacer\">\n\t\t\t<div class=\"elementor-spacer-inner\"><\/div>\n\t\t<\/div>\n\t\t\t\t\t\t<\/div>\n\t\t\t\t<\/div>\n\t\t\t\t<div class=\"elementor-element elementor-element-0406619 elementor-widget elementor-widget-heading\" data-id=\"0406619\" data-element_type=\"widget\" data-e-type=\"widget\" data-widget_type=\"heading.default\">\n\t\t\t\t<div class=\"elementor-widget-container\">\n\t\t\t\t\t<h2 class=\"elementor-heading-title elementor-size-default\">Politica de privacidad\n<\/h2>\t\t\t\t<\/div>\n\t\t\t\t<\/div>\n\t\t\t\t<div class=\"elementor-element elementor-element-a8d884b elementor-widget elementor-widget-text-editor\" data-id=\"a8d884b\" data-element_type=\"widget\" data-e-type=\"widget\" data-widget_type=\"text-editor.default\">\n\t\t\t\t<div class=\"elementor-widget-container\">\n\t\t\t\t\t\t\t\t\t<p><strong>Informacion al usuario de la existencia de fichero y solicitud del consentimiento para el tratamiento automatizado de los datos.<\/strong><br \/>En relaci\u00f3n con los datos de car\u00e1cter personal facilitados por los interesados en los formularios habilitados en el sitio web www.cortijolavinuela.com, se informa de que se cumple estrictamente la normativa vigente en materia de protecci\u00f3n de datos de car\u00e1cter personal y que los datos proporcionados, en su caso, ser\u00e1n incluidos en un fichero responsabilidad de Esther Garrido Arenzana (en adelante, el Propietario o Editor) para su tratamiento conforme a las finalidades descritas en esta Pol\u00edtica de Privacidad y en los formularios habilitados en cada caso, prestando los interesados el consentimiento para dicho tratamiento mediante la aceptaci\u00f3n de la presente pol\u00edtica de privacidad o mediante el env\u00edo de informaci\u00f3n por cualquier de los medios previstos en el sitio web.<\/p><p><b>Finalidad de los datos:<br \/><\/b>El Propietario recoge determinados datos personales que son introducidos voluntariamente por los usuarios en los distintos formularios (\u201cTramitar Pedido\u201d y \u201cNewsletter\u201d) que existen en el sitio web cortijolavinuela.com. Los datos son utilizados con las siguientes finalidades:<\/p><p>Gestionar las solicitudes de informaci\u00f3n o contacto realizadas por los usuarios a trav\u00e9s de los medios de contacto publicados en el sitio web.<br \/>Gestionar las reservas tramitadas a trav\u00e9s del sitio web y mantener informados a las personas contratantes (\u201cTramitar la reserva\u201d)<br \/>Gestionar las solicitudes de suscripci\u00f3n a newsletter por correo electr\u00f3nico (\u201cNewsletter\u201d).<br \/>Obligatoriedad de los datos:<br \/>Los campos obligatorios se identifican como tales mediante el uso de un asterisco (*) o mediante la indicaci\u00f3n expresa de su necesidad (requerido). En caso de no rellenar los campos obligatorios, no ser\u00eda posible gestionar la solicitud enviada por los usuarios.<\/p><p><b>Derechos de acceso, rectificacion, cancelacion y oposicion:<br \/><\/b>Los interesados pueden ejercitar sus derechos de acceso, rectificaci\u00f3n, cancelaci\u00f3n y oposici\u00f3n, y revocar el consentimiento prestado en cada caso para el tratamiento y\/o cesi\u00f3n de sus datos, en cualquier momento solicit\u00e1ndolo por correo postal al Propietario, en la siguiente direcci\u00f3n: Cortijo La Vi\u00f1uela, Carretera Atalbeitar s\/n, 18414, Pitres, Granada; o remitiendo un mensaje de correo electr\u00f3nico a la siguiente direcci\u00f3n electr\u00f3nica cortijolavinuela@gmail.com. En todo caso, deber\u00e1 acompa\u00f1arse la solicitud de una copia del documento oficial que acredite la identidad del titular de los datos.<\/p><p><b>Responsable del tratamiento<br \/><\/b>El Propietario es el Responsable del tratamiento de los datos, con domicilio sito en la direcci\u00f3n indicada en la cl\u00e1usula anterior. El Propietario ha inscrito debidamente sus ficheros en la Agencia Espa\u00f1ola de Protecci\u00f3n de Datos, pudi\u00e9ndose consultar los mismos en www.agpd.es.<\/p><p><b>Cesion de datos<br \/><\/b>Los datos proporcionados por los interesados no son cedidos a terceros, salvo que se autorice expresamente a los Propietarios, y solo se comunican, en su caso, para poder gestionar los servicios que solicitan los usuarios (p.ej. para entregar los productos adquiridos a trav\u00e9s de la tienda). La comunicaci\u00f3n de los datos est\u00e1 ligada con la finalidad misma para la que los datos han sido introducidos y por tanto relacionada con la libre y leg\u00edtima aceptaci\u00f3n de la relaci\u00f3n jur\u00eddica existente entre los interesados y los Propietarios, cuyo desarrollo, cumplimiento y control implican necesariamente la conexi\u00f3n de los datos y que incluye la transmisi\u00f3n necesaria de los mismos. Mediante la aceptaci\u00f3n de la presente pol\u00edtica de privacidad los interesados declaran haber sido informados y consienten, sin reservas, la comunicaci\u00f3n de sus datos en los t\u00e9rminos indicados en esta cl\u00e1usula. Los interesados pueden revocar el consentimiento prestado tal y como se se\u00f1ala en la presente pol\u00edtica.<\/p><p>Cuando un usuario deja un comentario o interact\u00faa a trav\u00e9s de redes sociales con el sitio web o el Propietario, est\u00e1 autorizando expresamente la publicaci\u00f3n de parte o la totalidad de sus datos en el sitio web y, por tanto, la comunicaci\u00f3n al resto de usuarios que acceden al mismo.<\/p><p>Los usuarios deben abstenerse de proporcionar datos personales de otras personas, salvo que est\u00e9n expresamente autorizados por estas para facilitarlos (p.ej. Compartir un contenido). El Propietario podr\u00e1 dirigirse en cualquier momento a los usuarios para que acrediten la existencia y contenido de las autorizaciones mencionadas.<\/p><p><b>Security<br \/><\/b>El Propietario asegura la absoluta confidencialidad y privacidad de los datos personales tratados, adoptando para ello las medidas de seguridad, de \u00edndole t\u00e9cnica y\/o organizativa, necesarias para evitar la alteraci\u00f3n, p\u00e9rdida, tratamiento o acceso no autorizado a los datos, garantizando as\u00ed la seguridad de los mismos. El Propietario no responder\u00e1 en ning\u00fan caso de las incidencias que puedan surgir en torno a los datos personales cuando se deriven bien de un ataque o acceso no autorizado a los sistemas de tal forma que sea imposible de detectar por las medidas de seguridad implantadas.<\/p><p><b>Cookies<\/b><br \/>El Editor \u00fanicamente utiliza, en su caso, cookies para efectuar el intercambio de datos a trav\u00e9s de redes de comunicaciones electr\u00f3nicas, o cuando estas son estrictamente necesarias para la prestaci\u00f3n de una funcionalidad, que forma parte de un servicio de la sociedad de la informaci\u00f3n, expresamente solicitada por el usuario. En caso que el uso de las cookies no cumpliera alguna de las finalidades indicadas, el Editor solicitar\u00e1 el consentimiento informado del usuario para la utilizaci\u00f3n de dichos dispositivos de almacenamiento y recuperaci\u00f3n de datos en su equipo (p.ej. mediante una ventana emergente o mediante un sistema de informaci\u00f3n por capas). Las cookies que se utilizan no contienen informaci\u00f3n personal que identifique al usuario. En cualquier caso, el usuario puede configurar su navegador para que no se le instalen cookies o para recibir un aviso en pantalla cada vez que una cookie quiera instalarse, pudiendo decidir en cada momento si la quiere aceptar o no. Para conocer la pol\u00edtica de instalaci\u00f3n y gesti\u00f3n de dispositivos de almacenamiento y recuperaci\u00f3n de datos en equipos terminales del sitio web consulte la Pol\u00edtica de Cookies.<\/p><p><b>Veracidad de los datos<br \/><\/b>Los usuarios son responsables de la veracidad de los datos proporcionados, comprometi\u00e9ndose a no introducir datos falsos y a proceder a la modificaci\u00f3n de los mismos si fuera necesario.<\/p>\t\t\t\t\t\t\t\t<\/div>\n\t\t\t\t<\/div>\n\t\t\t\t<div class=\"elementor-element elementor-element-7e42893 elementor-widget elementor-widget-spacer\" data-id=\"7e42893\" data-element_type=\"widget\" data-e-type=\"widget\" data-widget_type=\"spacer.default\">\n\t\t\t\t<div class=\"elementor-widget-container\">\n\t\t\t\t\t\t\t<div class=\"elementor-spacer\">\n\t\t\t<div class=\"elementor-spacer-inner\"><\/div>\n\t\t<\/div>\n\t\t\t\t\t\t<\/div>\n\t\t\t\t<\/div>\n\t\t\t\t\t<\/div>\n\t\t\t\t<\/div>\n\t\t\t\t<\/div>","protected":false},"excerpt":{"rendered":"<p>Politica de privacidad Informacion al usuario de la existencia de fichero y solicitud del consentimiento para el tratamiento automatizado de [&hellip;]<\/p>","protected":false},"author":1,"featured_media":0,"parent":0,"menu_order":0,"comment_status":"closed","ping_status":"closed","template":"","meta":{"site-sidebar-layout":"no-sidebar","site-content-layout":"","ast-site-content-layout":"full-width-container","site-content-style":"default","site-sidebar-style":"default","ast-global-header-display":"","ast-banner-title-visibility":"","ast-main-header-display":"","ast-hfb-above-header-display":"","ast-hfb-below-header-display":"","ast-hfb-mobile-header-display":"","site-post-title":"disabled","ast-breadcrumbs-content":"","ast-featured-img":"disabled","footer-sml-layout":"","ast-disable-related-posts":"","theme-transparent-header-meta":"","adv-header-id-meta":"","stick-header-meta":"","header-above-stick-meta":"","header-main-stick-meta":"","header-below-stick-meta":"","astra-migrate-meta-layouts":"default","ast-page-background-enabled":"default","ast-page-background-meta":{"desktop":{"background-color":"var(--ast-global-color-4)","background-image":"","background-repeat":"repeat","background-position":"center center","background-size":"auto","background-attachment":"scroll","background-type":"","background-media":"","overlay-type":"","overlay-color":"","overlay-opacity":"","overlay-gradient":""},"tablet":{"background-color":"","background-image":"","background-repeat":"repeat","background-position":"center center","background-size":"auto","background-attachment":"scroll","background-type":"","background-media":"","overlay-type":"","overlay-color":"","overlay-opacity":"","overlay-gradient":""},"mobile":{"background-color":"","background-image":"","background-repeat":"repeat","background-position":"center center","background-size":"auto","background-attachment":"scroll","background-type":"","background-media":"","overlay-type":"","overlay-color":"","overlay-opacity":"","overlay-gradient":""}},"ast-content-background-meta":{"desktop":{"background-color":"var(--ast-global-color-5)","background-image":"","background-repeat":"repeat","background-position":"center center","background-size":"auto","background-attachment":"scroll","background-type":"","background-media":"","overlay-type":"","overlay-color":"","overlay-opacity":"","overlay-gradient":""},"tablet":{"background-color":"var(--ast-global-color-5)","background-image":"","background-repeat":"repeat","background-position":"center center","background-size":"auto","background-attachment":"scroll","background-type":"","background-media":"","overlay-type":"","overlay-color":"","overlay-opacity":"","overlay-gradient":""},"mobile":{"background-color":"var(--ast-global-color-5)","background-image":"","background-repeat":"repeat","background-position":"center center","background-size":"auto","background-attachment":"scroll","background-type":"","background-media":"","overlay-type":"","overlay-color":"","overlay-opacity":"","overlay-gradient":""}},"footnotes":""},"class_list":["post-95","page","type-page","status-publish","hentry"],"_links":{"self":[{"href":"https:\/\/cortijolavinuela.com\/en\/wp-json\/wp\/v2\/pages\/95","targetHints":{"allow":["GET"]}}],"collection":[{"href":"https:\/\/cortijolavinuela.com\/en\/wp-json\/wp\/v2\/pages"}],"about":[{"href":"https:\/\/cortijolavinuela.com\/en\/wp-json\/wp\/v2\/types\/page"}],"author":[{"embeddable":true,"href":"https:\/\/cortijolavinuela.com\/en\/wp-json\/wp\/v2\/users\/1"}],"replies":[{"embeddable":true,"href":"https:\/\/cortijolavinuela.com\/en\/wp-json\/wp\/v2\/comments?post=95"}],"version-history":[{"count":16,"href":"https:\/\/cortijolavinuela.com\/en\/wp-json\/wp\/v2\/pages\/95\/revisions"}],"predecessor-version":[{"id":1118,"href":"https:\/\/cortijolavinuela.com\/en\/wp-json\/wp\/v2\/pages\/95\/revisions\/1118"}],"wp:attachment":[{"href":"https:\/\/cortijolavinuela.com\/en\/wp-json\/wp\/v2\/media?parent=95"}],"curies":[{"name":"wp","href":"https:\/\/api.w.org\/{rel}","templated":true}]}}